{"id":15,"date":"2024-03-23T18:10:03","date_gmt":"2024-03-23T17:10:03","guid":{"rendered":"https:\/\/harasdaurlann.com\/?page_id=15"},"modified":"2024-03-27T14:02:42","modified_gmt":"2024-03-27T13:02:42","slug":"contact-haras-daurlann","status":"publish","type":"page","link":"https:\/\/harasdaurlann.com\/index.php\/contact-haras-daurlann\/","title":{"rendered":"Contact"},"content":{"rendered":"\t\t<div data-elementor-type=\"wp-page\" data-elementor-id=\"15\" class=\"elementor elementor-15\">\n\t\t\t\t<div class=\"elementor-element elementor-element-cb4a444 e-flex e-con-boxed e-con e-parent\" data-id=\"cb4a444\" data-element_type=\"container\">\n\t\t\t\t\t<div class=\"e-con-inner\">\n\t\t\t\t<div class=\"elementor-element elementor-element-61d6c9b elementor-widget elementor-widget-heading\" data-id=\"61d6c9b\" data-element_type=\"widget\" data-widget_type=\"heading.default\">\n\t\t\t\t<div class=\"elementor-widget-container\">\n\t\t\t\t\t<h2 class=\"elementor-heading-title elementor-size-default\">Nous contacter :<\/h2>\t\t\t\t<\/div>\n\t\t\t\t<\/div>\n\t\t\t\t<div class=\"elementor-element elementor-element-9d19bec elementor-widget elementor-widget-text-editor\" data-id=\"9d19bec\" data-element_type=\"widget\" data-widget_type=\"text-editor.default\">\n\t\t\t\t<div class=\"elementor-widget-container\">\n\t\t\t\t\t\t\t\t\t<p>Contact Lorem ipsum dolor sit amet, consectetur adipiscing elit. Ut elit tellus, luctus nec ullamcorper mattis, pulvinar dapibus leo.<\/p>\t\t\t\t\t\t\t\t<\/div>\n\t\t\t\t<\/div>\n\t\t\t\t\t<\/div>\n\t\t\t\t<\/div>\n\t\t<div class=\"elementor-element elementor-element-23b68d1 e-flex e-con-boxed e-con e-parent\" data-id=\"23b68d1\" data-element_type=\"container\">\n\t\t\t\t\t<div class=\"e-con-inner\">\n\t\t<div class=\"elementor-element elementor-element-930c18f e-con-full e-flex e-con e-child\" data-id=\"930c18f\" data-element_type=\"container\">\n\t\t\t\t<div class=\"elementor-element elementor-element-5e60540 elementor-widget__width-initial elementor-widget elementor-widget-image\" data-id=\"5e60540\" data-element_type=\"widget\" data-widget_type=\"image.default\">\n\t\t\t\t<div class=\"elementor-widget-container\">\n\t\t\t\t\t\t\t\t\t\t\t\t\t\t\t\t<a href=\"https:\/\/harasdaurlann.com\/index.php\/haras-daurlann-morbihan-surzur\/\">\n\t\t\t\t\t\t\t<img fetchpriority=\"high\" decoding=\"async\" width=\"493\" height=\"501\" src=\"https:\/\/harasdaurlann.com\/wp-content\/uploads\/2024\/03\/cropped-Capture_d_ecran_2024-03-23_a_18.24.23-removebg-preview.png\" class=\"attachment-full size-full wp-image-47\" alt=\"Contact\" srcset=\"https:\/\/harasdaurlann.com\/wp-content\/uploads\/2024\/03\/cropped-Capture_d_ecran_2024-03-23_a_18.24.23-removebg-preview.png 493w, https:\/\/harasdaurlann.com\/wp-content\/uploads\/2024\/03\/cropped-Capture_d_ecran_2024-03-23_a_18.24.23-removebg-preview-295x300.png 295w\" sizes=\"(max-width: 493px) 100vw, 493px\" \/>\t\t\t\t\t\t\t\t<\/a>\n\t\t\t\t\t\t\t\t\t\t\t\t\t\t\t<\/div>\n\t\t\t\t<\/div>\n\t\t\t\t<div class=\"elementor-element elementor-element-0c62e73 elementor-widget elementor-widget-heading\" data-id=\"0c62e73\" data-element_type=\"widget\" data-widget_type=\"heading.default\">\n\t\t\t\t<div class=\"elementor-widget-container\">\n\t\t\t\t\t<h2 class=\"elementor-heading-title elementor-size-default\">Haras d'Aurlann<\/h2>\t\t\t\t<\/div>\n\t\t\t\t<\/div>\n\t\t\t\t<div class=\"elementor-element elementor-element-72392dd elementor-widget elementor-widget-text-editor\" data-id=\"72392dd\" data-element_type=\"widget\" data-widget_type=\"text-editor.default\">\n\t\t\t\t<div class=\"elementor-widget-container\">\n\t\t\t\t\t\t\t\t\t<p>Lieu dit kervache<\/p><p>56450 Surzur<\/p>\t\t\t\t\t\t\t\t<\/div>\n\t\t\t\t<\/div>\n\t\t\t\t<div class=\"elementor-element elementor-element-50e081b elementor-widget elementor-widget-heading\" data-id=\"50e081b\" data-element_type=\"widget\" data-widget_type=\"heading.default\">\n\t\t\t\t<div class=\"elementor-widget-container\">\n\t\t\t\t\t<h2 class=\"elementor-heading-title elementor-size-default\">T\u00e9l\u00e9phones<\/h2>\t\t\t\t<\/div>\n\t\t\t\t<\/div>\n\t\t\t\t<div class=\"elementor-element elementor-element-ab95df2 elementor-widget elementor-widget-text-editor\" data-id=\"ab95df2\" data-element_type=\"widget\" data-widget_type=\"text-editor.default\">\n\t\t\t\t<div class=\"elementor-widget-container\">\n\t\t\t\t\t\t\t\t\t<p><strong>Manon Descamps<\/strong> (G\u00e9rante des \u00c9curies ) :0641502030<\/p><p><strong>Auriane Devaux<\/strong>\u00a0 : 0643513366<\/p>\t\t\t\t\t\t\t\t<\/div>\n\t\t\t\t<\/div>\n\t\t\t\t<div class=\"elementor-element elementor-element-723e1f6 elementor-widget elementor-widget-heading\" data-id=\"723e1f6\" data-element_type=\"widget\" data-widget_type=\"heading.default\">\n\t\t\t\t<div class=\"elementor-widget-container\">\n\t\t\t\t\t<h2 class=\"elementor-heading-title elementor-size-default\">Email <\/h2>\t\t\t\t<\/div>\n\t\t\t\t<\/div>\n\t\t\t\t<div class=\"elementor-element elementor-element-37be1f3 elementor-widget elementor-widget-text-editor\" data-id=\"37be1f3\" data-element_type=\"widget\" data-widget_type=\"text-editor.default\">\n\t\t\t\t<div class=\"elementor-widget-container\">\n\t\t\t\t\t\t\t\t\t<p>contact@harasdaurlann.com<\/p>\t\t\t\t\t\t\t\t<\/div>\n\t\t\t\t<\/div>\n\t\t\t\t<\/div>\n\t\t<div class=\"elementor-element elementor-element-fce5843 e-con-full e-flex e-con e-child\" data-id=\"fce5843\" data-element_type=\"container\">\n\t\t\t\t<div class=\"elementor-element elementor-element-7b10806 elementor-widget__width-initial elementor-widget elementor-widget-google_maps\" data-id=\"7b10806\" data-element_type=\"widget\" data-widget_type=\"google_maps.default\">\n\t\t\t\t<div class=\"elementor-widget-container\">\n\t\t\t\t\t\t\t<div class=\"elementor-custom-embed\">\n\t\t\t<iframe loading=\"lazy\"\n\t\t\t\t\tsrc=\"https:\/\/maps.google.com\/maps?q=Haras%20d%27Aurlann%20%2C%20lieu%20dit%20kervache%2056450%20Surzur&#038;t=m&#038;z=10&#038;output=embed&#038;iwloc=near\"\n\t\t\t\t\ttitle=\"Haras d&#039;Aurlann , lieu dit kervache 56450 Surzur\"\n\t\t\t\t\taria-label=\"Haras d&#039;Aurlann , lieu dit kervache 56450 Surzur\"\n\t\t\t><\/iframe>\n\t\t<\/div>\n\t\t\t\t\t\t<\/div>\n\t\t\t\t<\/div>\n\t\t\t\t<\/div>\n\t\t\t\t\t<\/div>\n\t\t\t\t<\/div>\n\t\t<div class=\"elementor-element elementor-element-acb7383 e-flex e-con-boxed e-con e-parent\" data-id=\"acb7383\" data-element_type=\"container\">\n\t\t\t\t\t<div class=\"e-con-inner\">\n\t\t\t\t<div class=\"elementor-element elementor-element-2f47359 elementor-widget elementor-widget-spacer\" data-id=\"2f47359\" data-element_type=\"widget\" data-widget_type=\"spacer.default\">\n\t\t\t\t<div class=\"elementor-widget-container\">\n\t\t\t\t\t\t\t<div class=\"elementor-spacer\">\n\t\t\t<div class=\"elementor-spacer-inner\"><\/div>\n\t\t<\/div>\n\t\t\t\t\t\t<\/div>\n\t\t\t\t<\/div>\n\t\t\t\t<div class=\"elementor-element elementor-element-d57a6fb elementor-widget elementor-widget-heading\" data-id=\"d57a6fb\" data-element_type=\"widget\" data-widget_type=\"heading.default\">\n\t\t\t\t<div class=\"elementor-widget-container\">\n\t\t\t\t\t<h2 class=\"elementor-heading-title elementor-size-default\">Contact<\/h2>\t\t\t\t<\/div>\n\t\t\t\t<\/div>\n\t\t\t\t<div class=\"elementor-element elementor-element-4bb003e elementor-widget elementor-widget-heading\" data-id=\"4bb003e\" data-element_type=\"widget\" data-widget_type=\"heading.default\">\n\t\t\t\t<div class=\"elementor-widget-container\">\n\t\t\t\t\t<h2 class=\"elementor-heading-title elementor-size-default\">Formulaire de contact :<\/h2>\t\t\t\t<\/div>\n\t\t\t\t<\/div>\n\t\t\t\t<div class=\"elementor-element elementor-element-7f429ce elementor-widget elementor-widget-spacer\" data-id=\"7f429ce\" data-element_type=\"widget\" data-widget_type=\"spacer.default\">\n\t\t\t\t<div class=\"elementor-widget-container\">\n\t\t\t\t\t\t\t<div class=\"elementor-spacer\">\n\t\t\t<div class=\"elementor-spacer-inner\"><\/div>\n\t\t<\/div>\n\t\t\t\t\t\t<\/div>\n\t\t\t\t<\/div>\n\t\t\t\t<div class=\"elementor-element elementor-element-a2f577c elementor-widget elementor-widget-formidable\" data-id=\"a2f577c\" data-element_type=\"widget\" data-widget_type=\"formidable.default\">\n\t\t\t\t<div class=\"elementor-widget-container\">\n\t\t\t\t\t<div class=\"frm_forms  with_frm_style frm_style_style-formidable\" id=\"frm_form_2_container\" data-token=\"c0d140f6fa0450fd97b9a9bc5f145d9c\">\n<form enctype=\"multipart\/form-data\" method=\"post\" class=\"frm-show-form \" id=\"form_contact\" data-token=\"c0d140f6fa0450fd97b9a9bc5f145d9c\">\n<div class=\"frm_form_fields \">\n<fieldset>\n<legend class=\"frm_screen_reader\">Contact<\/legend>\r\n\r\n<div class=\"frm_fields_container\">\n<input type=\"hidden\" name=\"frm_action\" value=\"create\" \/>\n<input type=\"hidden\" name=\"form_id\" value=\"2\" \/>\n<input type=\"hidden\" name=\"frm_hide_fields_2\" id=\"frm_hide_fields_2\" value=\"\" \/>\n<input type=\"hidden\" name=\"form_key\" value=\"contact\" \/>\n<input type=\"hidden\" name=\"item_meta[0]\" value=\"\" \/>\n<input type=\"hidden\" id=\"frm_submit_entry_2\" name=\"frm_submit_entry_2\" value=\"0682e96378\" \/><input type=\"hidden\" name=\"_wp_http_referer\" value=\"\/index.php\/wp-json\/wp\/v2\/pages\/15\" \/><div id=\"frm_field_6_container\" class=\"frm_form_field form-field  frm_required_field frm_none_container frm6 frm_first\">\r\n    <label for=\"field_wutq\" id=\"field_wutq_label\" class=\"frm_primary_label\">Pr\u00e9nom\r\n        <span class=\"frm_required\" aria-hidden=\"true\">*<\/span>\r\n    <\/label>\r\n    <input type=\"text\" id=\"field_wutq\" name=\"item_meta[6]\" value=\"\"  placeholder=\"Pr\u00e9nom\" data-reqmsg=\"Pr\u00e9nom cannot be blank.\" aria-required=\"true\" data-invmsg=\"Pr\u00e9nom est non valide\" aria-invalid=\"false\"  \/>\r\n    \r\n    \r\n<\/div>\n<div id=\"frm_field_7_container\" class=\"frm_form_field form-field  frm_required_field frm_none_container frm6\">\r\n    <label for=\"field_7fcor\" id=\"field_7fcor_label\" class=\"frm_primary_label\">Nom\r\n        <span class=\"frm_required\" aria-hidden=\"true\">*<\/span>\r\n    <\/label>\r\n    <input type=\"text\" id=\"field_7fcor\" name=\"item_meta[7]\" value=\"\"  placeholder=\"Nom\" data-reqmsg=\"Nom cannot be blank.\" aria-required=\"true\" data-invmsg=\"Nom est non valide\" aria-invalid=\"false\"  \/>\r\n    \r\n    \r\n<\/div>\n<div id=\"frm_field_8_container\" class=\"frm_form_field form-field  frm_required_field frm_none_container\">\r\n    <label for=\"field_bjx2c\" id=\"field_bjx2c_label\" class=\"frm_primary_label\">Email\r\n        <span class=\"frm_required\" aria-hidden=\"true\">*<\/span>\r\n    <\/label>\r\n    <input type=\"email\" id=\"field_bjx2c\" name=\"item_meta[8]\" value=\"\"  placeholder=\"Email\" data-reqmsg=\"Email cannot be blank.\" aria-required=\"true\" data-invmsg=\"Email est non valide\" aria-invalid=\"false\"  \/>\r\n    \r\n    \r\n<\/div>\n<div id=\"frm_field_9_container\" class=\"frm_form_field form-field  frm_required_field frm_top_container\">\r\n    <label for=\"field_yhx3e\" id=\"field_yhx3e_label\" class=\"frm_primary_label\">Message\r\n        <span class=\"frm_required\" aria-hidden=\"true\">*<\/span>\r\n    <\/label>\r\n    <textarea name=\"item_meta[9]\" id=\"field_yhx3e\" rows=\"5\"  data-reqmsg=\"Message cannot be blank.\" aria-required=\"true\" data-invmsg=\"Message est non valide\" aria-invalid=\"false\"  ><\/textarea>\r\n    \r\n    \r\n<\/div>\n\t<input type=\"hidden\" name=\"item_key\" value=\"\" \/>\n\t\t\t<div id=\"frm_field_10_container\">\n\t\t\t<label for=\"field_ssg5c\" >\n\t\t\t\tSi vous \u00eates un humain, ne remplissez pas ce champ.\t\t\t<\/label>\n\t\t\t<input  id=\"field_ssg5c\" type=\"text\" class=\"frm_form_field form-field frm_verify\" name=\"item_meta[10]\" value=\"\"  \/>\n\t\t<\/div>\n\t\t<input name=\"frm_state\" type=\"hidden\" value=\"yh1hNNDB9KYHXXIUdaZ9w1ewqEbVDjjsxifg+YlRDdg=\" \/><div class=\"frm_submit frm_flex\">\r\n<button class=\"frm_button_submit\" type=\"submit\"  >Envoyer<\/button>\r\n\r\n\r\n\r\n<\/div><\/div>\n<\/fieldset>\n<\/div>\n\n<\/form>\n<\/div>\n\t\t\t\t<\/div>\n\t\t\t\t<\/div>\n\t\t\t\t<div class=\"elementor-element elementor-element-164e3a2 elementor-widget elementor-widget-text-editor\" data-id=\"164e3a2\" data-element_type=\"widget\" data-widget_type=\"text-editor.default\">\n\t\t\t\t<div class=\"elementor-widget-container\">\n\t\t\t\t\t\t\t\t\t<p><strong>Si vous n\u2019avez pas re\u00e7u de r\u00e9ponse sous 48h, n\u2019h\u00e9sitez pas \u00e0 nous contacter par t\u00e9l\u00e9phone.<\/strong><\/p>\t\t\t\t\t\t\t\t<\/div>\n\t\t\t\t<\/div>\n\t\t\t\t<div class=\"elementor-element elementor-element-f60850c elementor-widget elementor-widget-text-editor\" data-id=\"f60850c\" data-element_type=\"widget\" data-widget_type=\"text-editor.default\">\n\t\t\t\t<div class=\"elementor-widget-container\">\n\t\t\t\t\t\t\t\t\t<p>Lorem ipsum dolor sit amet, consectetur adipiscing elit. Ut elit tellus, luctus nec ullamcorper mattis, pulvinar dapibus leo.<\/p><p>De plus il est une fois ou machin truc<\/p>\t\t\t\t\t\t\t\t<\/div>\n\t\t\t\t<\/div>\n\t\t\t\t<div class=\"elementor-element elementor-element-c2670b2 elementor-widget elementor-widget-text-editor\" data-id=\"c2670b2\" data-element_type=\"widget\" data-widget_type=\"text-editor.default\">\n\t\t\t\t<div class=\"elementor-widget-container\">\n\t\t\t\t\t\t\t\t\t<p>Vous pouvez \u00e9galement nous contacter sur nos r\u00e9seaux sociaux : <a href=\"https:\/\/www.facebook.com\/HarasdAurlann\">Facebook<\/a> et <a href=\"https:\/\/www.instagram.com\/elevage_d_aurlann\/\">Instagram<\/a><\/p>\t\t\t\t\t\t\t\t<\/div>\n\t\t\t\t<\/div>\n\t\t\t\t<div class=\"elementor-element elementor-element-c981143 elementor-widget elementor-widget-text-editor\" data-id=\"c981143\" data-element_type=\"widget\" data-widget_type=\"text-editor.default\">\n\t\t\t\t<div class=\"elementor-widget-container\">\n\t\t\t\t\t\t\t\t\t<p>Lorem ipsum dolor sit amet, consectetur adipiscing elit. Ut elit tellus, luctus nec ullamcorper mattis, pulvinar dapibus leo.<\/p>\t\t\t\t\t\t\t\t<\/div>\n\t\t\t\t<\/div>\n\t\t\t\t\t<\/div>\n\t\t\t\t<\/div>\n\t\t\t\t<\/div>\n\t\t","protected":false},"excerpt":{"rendered":"<p>Nous contacter : Contact Lorem ipsum dolor sit amet, consectetur adipiscing elit. Ut elit tellus, luctus nec ullamcorper mattis, pulvinar dapibus leo. Haras d&rsquo;Aurlann Lieu dit kervache 56450 Surzur T\u00e9l\u00e9phones Manon Descamps (G\u00e9rante des \u00c9curies ) :0641502030 Auriane Devaux\u00a0 : 0643513366 Email contact@harasdaurlann.com Contact Formulaire de contact : Contact Pr\u00e9nom * Nom * Email * [&hellip;]<\/p>\n","protected":false},"author":1,"featured_media":0,"parent":0,"menu_order":0,"comment_status":"closed","ping_status":"closed","template":"","meta":{"footnotes":""},"class_list":["post-15","page","type-page","status-publish","hentry","entry"],"yoast_head":"<!-- This site is optimized with the Yoast SEO plugin v25.7 - https:\/\/yoast.com\/wordpress\/plugins\/seo\/ -->\n<title>Contact - Haras d&#039;Aurlann<\/title>\n<meta name=\"description\" content=\"Formulaire de contact : Haras d&#039;Aurlann, \u00e9levage de chevaux de sport et pension chevaux poney au lieu dit Kervache 56450 Sursur\" \/>\n<meta name=\"robots\" content=\"index, follow, max-snippet:-1, max-image-preview:large, max-video-preview:-1\" \/>\n<link rel=\"canonical\" href=\"https:\/\/harasdaurlann.com\/index.php\/contact-haras-daurlann\/\" \/>\n<meta property=\"og:locale\" content=\"fr_FR\" \/>\n<meta property=\"og:type\" content=\"article\" \/>\n<meta property=\"og:title\" content=\"Contact - Haras d&#039;Aurlann\" \/>\n<meta property=\"og:description\" content=\"Formulaire de contact : Haras d&#039;Aurlann, \u00e9levage de chevaux de sport et pension chevaux poney au lieu dit Kervache 56450 Sursur\" \/>\n<meta property=\"og:url\" content=\"https:\/\/harasdaurlann.com\/index.php\/contact-haras-daurlann\/\" \/>\n<meta property=\"article:publisher\" content=\"https:\/\/www.facebook.com\/HarasdAurlann\" \/>\n<meta property=\"article:modified_time\" content=\"2024-03-27T13:02:42+00:00\" \/>\n<meta property=\"og:image\" content=\"https:\/\/harasdaurlann.com\/wp-content\/uploads\/2024\/03\/cropped-Capture_d_ecran_2024-03-23_a_18.24.23-removebg-preview.png\" \/>\n<meta name=\"twitter:card\" content=\"summary_large_image\" \/>\n<meta name=\"twitter:label1\" content=\"Dur\u00e9e de lecture estim\u00e9e\" \/>\n\t<meta name=\"twitter:data1\" content=\"1 minute\" \/>\n<script type=\"application\/ld+json\" class=\"yoast-schema-graph\">{\"@context\":\"https:\/\/schema.org\",\"@graph\":[{\"@type\":\"WebPage\",\"@id\":\"https:\/\/harasdaurlann.com\/index.php\/contact-haras-daurlann\/\",\"url\":\"https:\/\/harasdaurlann.com\/index.php\/contact-haras-daurlann\/\",\"name\":\"Contact - Haras d'Aurlann\",\"isPartOf\":{\"@id\":\"https:\/\/harasdaurlann.com\/#website\"},\"primaryImageOfPage\":{\"@id\":\"https:\/\/harasdaurlann.com\/index.php\/contact-haras-daurlann\/#primaryimage\"},\"image\":{\"@id\":\"https:\/\/harasdaurlann.com\/index.php\/contact-haras-daurlann\/#primaryimage\"},\"thumbnailUrl\":\"https:\/\/harasdaurlann.com\/wp-content\/uploads\/2024\/03\/cropped-Capture_d_ecran_2024-03-23_a_18.24.23-removebg-preview.png\",\"datePublished\":\"2024-03-23T17:10:03+00:00\",\"dateModified\":\"2024-03-27T13:02:42+00:00\",\"description\":\"Formulaire de contact : Haras d'Aurlann, \u00e9levage de chevaux de sport et pension chevaux poney au lieu dit Kervache 56450 Sursur\",\"breadcrumb\":{\"@id\":\"https:\/\/harasdaurlann.com\/index.php\/contact-haras-daurlann\/#breadcrumb\"},\"inLanguage\":\"fr-FR\",\"potentialAction\":[{\"@type\":\"ReadAction\",\"target\":[\"https:\/\/harasdaurlann.com\/index.php\/contact-haras-daurlann\/\"]}]},{\"@type\":\"ImageObject\",\"inLanguage\":\"fr-FR\",\"@id\":\"https:\/\/harasdaurlann.com\/index.php\/contact-haras-daurlann\/#primaryimage\",\"url\":\"https:\/\/harasdaurlann.com\/wp-content\/uploads\/2024\/03\/cropped-Capture_d_ecran_2024-03-23_a_18.24.23-removebg-preview.png\",\"contentUrl\":\"https:\/\/harasdaurlann.com\/wp-content\/uploads\/2024\/03\/cropped-Capture_d_ecran_2024-03-23_a_18.24.23-removebg-preview.png\",\"width\":493,\"height\":501,\"caption\":\"Contact\"},{\"@type\":\"BreadcrumbList\",\"@id\":\"https:\/\/harasdaurlann.com\/index.php\/contact-haras-daurlann\/#breadcrumb\",\"itemListElement\":[{\"@type\":\"ListItem\",\"position\":1,\"name\":\"Accueil\",\"item\":\"https:\/\/harasdaurlann.com\/\"},{\"@type\":\"ListItem\",\"position\":2,\"name\":\"Contact\"}]},{\"@type\":\"WebSite\",\"@id\":\"https:\/\/harasdaurlann.com\/#website\",\"url\":\"https:\/\/harasdaurlann.com\/\",\"name\":\"Haras d'Aurlann\",\"description\":\"\",\"publisher\":{\"@id\":\"https:\/\/harasdaurlann.com\/#organization\"},\"potentialAction\":[{\"@type\":\"SearchAction\",\"target\":{\"@type\":\"EntryPoint\",\"urlTemplate\":\"https:\/\/harasdaurlann.com\/?s={search_term_string}\"},\"query-input\":{\"@type\":\"PropertyValueSpecification\",\"valueRequired\":true,\"valueName\":\"search_term_string\"}}],\"inLanguage\":\"fr-FR\"},{\"@type\":\"Organization\",\"@id\":\"https:\/\/harasdaurlann.com\/#organization\",\"name\":\"Scea de Kervache\",\"url\":\"https:\/\/harasdaurlann.com\/\",\"logo\":{\"@type\":\"ImageObject\",\"inLanguage\":\"fr-FR\",\"@id\":\"https:\/\/harasdaurlann.com\/#\/schema\/logo\/image\/\",\"url\":\"https:\/\/harasdaurlann.com\/wp-content\/uploads\/2024\/03\/cropped-Capture_d_ecran_2024-03-23_a_18.24.23-removebg-preview.png\",\"contentUrl\":\"https:\/\/harasdaurlann.com\/wp-content\/uploads\/2024\/03\/cropped-Capture_d_ecran_2024-03-23_a_18.24.23-removebg-preview.png\",\"width\":493,\"height\":501,\"caption\":\"Scea de Kervache\"},\"image\":{\"@id\":\"https:\/\/harasdaurlann.com\/#\/schema\/logo\/image\/\"},\"sameAs\":[\"https:\/\/www.facebook.com\/HarasdAurlann\",\"https:\/\/www.instagram.com\/elevage_d_aurlann\/\"]}]}<\/script>\n<!-- \/ Yoast SEO plugin. -->","yoast_head_json":{"title":"Contact - Haras d'Aurlann","description":"Formulaire de contact : Haras d'Aurlann, \u00e9levage de chevaux de sport et pension chevaux poney au lieu dit Kervache 56450 Sursur","robots":{"index":"index","follow":"follow","max-snippet":"max-snippet:-1","max-image-preview":"max-image-preview:large","max-video-preview":"max-video-preview:-1"},"canonical":"https:\/\/harasdaurlann.com\/index.php\/contact-haras-daurlann\/","og_locale":"fr_FR","og_type":"article","og_title":"Contact - Haras d'Aurlann","og_description":"Formulaire de contact : Haras d'Aurlann, \u00e9levage de chevaux de sport et pension chevaux poney au lieu dit Kervache 56450 Sursur","og_url":"https:\/\/harasdaurlann.com\/index.php\/contact-haras-daurlann\/","article_publisher":"https:\/\/www.facebook.com\/HarasdAurlann","article_modified_time":"2024-03-27T13:02:42+00:00","og_image":[{"url":"https:\/\/harasdaurlann.com\/wp-content\/uploads\/2024\/03\/cropped-Capture_d_ecran_2024-03-23_a_18.24.23-removebg-preview.png","type":"","width":"","height":""}],"twitter_card":"summary_large_image","twitter_misc":{"Dur\u00e9e de lecture estim\u00e9e":"1 minute"},"schema":{"@context":"https:\/\/schema.org","@graph":[{"@type":"WebPage","@id":"https:\/\/harasdaurlann.com\/index.php\/contact-haras-daurlann\/","url":"https:\/\/harasdaurlann.com\/index.php\/contact-haras-daurlann\/","name":"Contact - Haras d'Aurlann","isPartOf":{"@id":"https:\/\/harasdaurlann.com\/#website"},"primaryImageOfPage":{"@id":"https:\/\/harasdaurlann.com\/index.php\/contact-haras-daurlann\/#primaryimage"},"image":{"@id":"https:\/\/harasdaurlann.com\/index.php\/contact-haras-daurlann\/#primaryimage"},"thumbnailUrl":"https:\/\/harasdaurlann.com\/wp-content\/uploads\/2024\/03\/cropped-Capture_d_ecran_2024-03-23_a_18.24.23-removebg-preview.png","datePublished":"2024-03-23T17:10:03+00:00","dateModified":"2024-03-27T13:02:42+00:00","description":"Formulaire de contact : Haras d'Aurlann, \u00e9levage de chevaux de sport et pension chevaux poney au lieu dit Kervache 56450 Sursur","breadcrumb":{"@id":"https:\/\/harasdaurlann.com\/index.php\/contact-haras-daurlann\/#breadcrumb"},"inLanguage":"fr-FR","potentialAction":[{"@type":"ReadAction","target":["https:\/\/harasdaurlann.com\/index.php\/contact-haras-daurlann\/"]}]},{"@type":"ImageObject","inLanguage":"fr-FR","@id":"https:\/\/harasdaurlann.com\/index.php\/contact-haras-daurlann\/#primaryimage","url":"https:\/\/harasdaurlann.com\/wp-content\/uploads\/2024\/03\/cropped-Capture_d_ecran_2024-03-23_a_18.24.23-removebg-preview.png","contentUrl":"https:\/\/harasdaurlann.com\/wp-content\/uploads\/2024\/03\/cropped-Capture_d_ecran_2024-03-23_a_18.24.23-removebg-preview.png","width":493,"height":501,"caption":"Contact"},{"@type":"BreadcrumbList","@id":"https:\/\/harasdaurlann.com\/index.php\/contact-haras-daurlann\/#breadcrumb","itemListElement":[{"@type":"ListItem","position":1,"name":"Accueil","item":"https:\/\/harasdaurlann.com\/"},{"@type":"ListItem","position":2,"name":"Contact"}]},{"@type":"WebSite","@id":"https:\/\/harasdaurlann.com\/#website","url":"https:\/\/harasdaurlann.com\/","name":"Haras d'Aurlann","description":"","publisher":{"@id":"https:\/\/harasdaurlann.com\/#organization"},"potentialAction":[{"@type":"SearchAction","target":{"@type":"EntryPoint","urlTemplate":"https:\/\/harasdaurlann.com\/?s={search_term_string}"},"query-input":{"@type":"PropertyValueSpecification","valueRequired":true,"valueName":"search_term_string"}}],"inLanguage":"fr-FR"},{"@type":"Organization","@id":"https:\/\/harasdaurlann.com\/#organization","name":"Scea de Kervache","url":"https:\/\/harasdaurlann.com\/","logo":{"@type":"ImageObject","inLanguage":"fr-FR","@id":"https:\/\/harasdaurlann.com\/#\/schema\/logo\/image\/","url":"https:\/\/harasdaurlann.com\/wp-content\/uploads\/2024\/03\/cropped-Capture_d_ecran_2024-03-23_a_18.24.23-removebg-preview.png","contentUrl":"https:\/\/harasdaurlann.com\/wp-content\/uploads\/2024\/03\/cropped-Capture_d_ecran_2024-03-23_a_18.24.23-removebg-preview.png","width":493,"height":501,"caption":"Scea de Kervache"},"image":{"@id":"https:\/\/harasdaurlann.com\/#\/schema\/logo\/image\/"},"sameAs":["https:\/\/www.facebook.com\/HarasdAurlann","https:\/\/www.instagram.com\/elevage_d_aurlann\/"]}]}},"_links":{"self":[{"href":"https:\/\/harasdaurlann.com\/index.php\/wp-json\/wp\/v2\/pages\/15","targetHints":{"allow":["GET"]}}],"collection":[{"href":"https:\/\/harasdaurlann.com\/index.php\/wp-json\/wp\/v2\/pages"}],"about":[{"href":"https:\/\/harasdaurlann.com\/index.php\/wp-json\/wp\/v2\/types\/page"}],"author":[{"embeddable":true,"href":"https:\/\/harasdaurlann.com\/index.php\/wp-json\/wp\/v2\/users\/1"}],"replies":[{"embeddable":true,"href":"https:\/\/harasdaurlann.com\/index.php\/wp-json\/wp\/v2\/comments?post=15"}],"version-history":[{"count":43,"href":"https:\/\/harasdaurlann.com\/index.php\/wp-json\/wp\/v2\/pages\/15\/revisions"}],"predecessor-version":[{"id":536,"href":"https:\/\/harasdaurlann.com\/index.php\/wp-json\/wp\/v2\/pages\/15\/revisions\/536"}],"wp:attachment":[{"href":"https:\/\/harasdaurlann.com\/index.php\/wp-json\/wp\/v2\/media?parent=15"}],"curies":[{"name":"wp","href":"https:\/\/api.w.org\/{rel}","templated":true}]}}