{"id":286,"date":"2024-03-25T22:29:22","date_gmt":"2024-03-25T21:29:22","guid":{"rendered":"https:\/\/harasdaurlann.com\/?page_id=286"},"modified":"2024-03-26T21:27:59","modified_gmt":"2024-03-26T20:27:59","slug":"commerce-et-valorisation","status":"publish","type":"page","link":"https:\/\/harasdaurlann.com\/index.php\/commerce-et-valorisation\/","title":{"rendered":"Commerce et Valorisation"},"content":{"rendered":"\t\t<div data-elementor-type=\"wp-page\" data-elementor-id=\"286\" class=\"elementor elementor-286\">\n\t\t\t\t<div class=\"elementor-element elementor-element-fb3d556 e-flex e-con-boxed e-con e-parent\" data-id=\"fb3d556\" data-element_type=\"container\">\n\t\t\t\t\t<div class=\"e-con-inner\">\n\t\t\t\t<div class=\"elementor-element elementor-element-be2b767 elementor-widget elementor-widget-spacer\" data-id=\"be2b767\" data-element_type=\"widget\" data-widget_type=\"spacer.default\">\n\t\t\t\t<div class=\"elementor-widget-container\">\n\t\t\t\t\t\t\t<div class=\"elementor-spacer\">\n\t\t\t<div class=\"elementor-spacer-inner\"><\/div>\n\t\t<\/div>\n\t\t\t\t\t\t<\/div>\n\t\t\t\t<\/div>\n\t\t\t\t\t<\/div>\n\t\t\t\t<\/div>\n\t\t<div class=\"elementor-element elementor-element-b1de75a e-flex e-con-boxed e-con e-parent\" data-id=\"b1de75a\" data-element_type=\"container\">\n\t\t\t\t\t<div class=\"e-con-inner\">\n\t\t<div class=\"elementor-element elementor-element-951de91 e-con-full e-flex e-con e-child\" data-id=\"951de91\" data-element_type=\"container\">\n\t\t\t\t<div class=\"elementor-element elementor-element-6d85db9 elementor-widget elementor-widget-heading\" data-id=\"6d85db9\" data-element_type=\"widget\" data-widget_type=\"heading.default\">\n\t\t\t\t<div class=\"elementor-widget-container\">\n\t\t\t\t\t<h2 class=\"elementor-heading-title elementor-size-default\">Nos prestations propos\u00e9es :<\/h2>\t\t\t\t<\/div>\n\t\t\t\t<\/div>\n\t\t\t\t<div class=\"elementor-element elementor-element-ad1d852 elementor-widget elementor-widget-text-editor\" data-id=\"ad1d852\" data-element_type=\"widget\" data-widget_type=\"text-editor.default\">\n\t\t\t\t<div class=\"elementor-widget-container\">\n\t\t\t\t\t\t\t\t\t<ul><li>Commerce et valorisation du cheval\/poney de sport , loisirs<\/li><li>D\u00e9p\u00f4t vente<\/li><li>D\u00e9bourrage, dressage, pr\u00e9paration \u00e0 la comp\u00e9tition du jeune cheval<\/li><li>Circuit FFE<\/li><li>Cycle classiques et libres 4,5,6 ans<\/li><li>Pr\u00e9paration aux ventes Fences, Nash<\/li><li>Pr\u00e9paration aux pr\u00e9sentations foal, poulini\u00e8re, 2 et 3 ans<\/li><li>Nombre de places limit\u00e9es \u00e0 cinq pensions travail afin d\u2019en privil\u00e9gier la qualit\u00e9.<\/li><\/ul>\t\t\t\t\t\t\t\t<\/div>\n\t\t\t\t<\/div>\n\t\t\t\t<div class=\"elementor-element elementor-element-025f324 elementor-widget elementor-widget-text-editor\" data-id=\"025f324\" data-element_type=\"widget\" data-widget_type=\"text-editor.default\">\n\t\t\t\t<div class=\"elementor-widget-container\">\n\t\t\t\t\t\t\t\t\t<p>Lorem ipsum dolor sit amet, consectetur adipiscing elit. Ut elit tellus, luctus nec ullamcorper mattis, pulvinar dapibus leo.<\/p><p>Valorisation et commerce<\/p><p>\u00a0<\/p>\t\t\t\t\t\t\t\t<\/div>\n\t\t\t\t<\/div>\n\t\t\t\t<div class=\"elementor-element elementor-element-60c995a elementor-widget elementor-widget-heading\" data-id=\"60c995a\" data-element_type=\"widget\" data-widget_type=\"heading.default\">\n\t\t\t\t<div class=\"elementor-widget-container\">\n\t\t\t\t\t<h2 class=\"elementor-heading-title elementor-size-default\">Commerce et valorisation <\/h2>\t\t\t\t<\/div>\n\t\t\t\t<\/div>\n\t\t\t\t<\/div>\n\t\t<div class=\"elementor-element elementor-element-fb642e3 e-con-full e-flex e-con e-child\" data-id=\"fb642e3\" data-element_type=\"container\">\n\t\t\t\t<div class=\"elementor-element elementor-element-8137ec1 elementor-arrows-position-inside elementor-pagination-position-outside elementor-widget elementor-widget-image-carousel\" data-id=\"8137ec1\" data-element_type=\"widget\" data-settings=\"{&quot;slides_to_show&quot;:&quot;1&quot;,&quot;navigation&quot;:&quot;both&quot;,&quot;autoplay&quot;:&quot;yes&quot;,&quot;pause_on_hover&quot;:&quot;yes&quot;,&quot;pause_on_interaction&quot;:&quot;yes&quot;,&quot;autoplay_speed&quot;:5000,&quot;infinite&quot;:&quot;yes&quot;,&quot;effect&quot;:&quot;slide&quot;,&quot;speed&quot;:500}\" data-widget_type=\"image-carousel.default\">\n\t\t\t\t<div class=\"elementor-widget-container\">\n\t\t\t\t\t\t\t<div class=\"elementor-image-carousel-wrapper swiper\" role=\"region\" aria-roledescription=\"carousel\" aria-label=\"Carrousel d\u2019images\" dir=\"ltr\">\n\t\t\t<div class=\"elementor-image-carousel swiper-wrapper\" aria-live=\"off\">\n\t\t\t\t\t\t\t\t<div class=\"swiper-slide\" role=\"group\" aria-roledescription=\"slide\" aria-label=\"1 sur 9\"><a data-elementor-open-lightbox=\"yes\" data-elementor-lightbox-slideshow=\"8137ec1\" data-elementor-lightbox-title=\"Igor de Mazin - Vendu\" data-e-action-hash=\"#elementor-action%3Aaction%3Dlightbox%26settings%3DeyJpZCI6MTI0LCJ1cmwiOiJodHRwczpcL1wvaGFyYXNkYXVybGFubi5jb21cL3dwLWNvbnRlbnRcL3VwbG9hZHNcLzIwMjRcLzAzXC82QjM0RDgzMC04MzM1LTRFNkYtOThENy1DRDZBOTZBM0VCREQtZTE3MTEyOTM3MDE5MjguanBnIiwic2xpZGVzaG93IjoiODEzN2VjMSJ9\" href=\"https:\/\/harasdaurlann.com\/wp-content\/uploads\/2024\/03\/6B34D830-8335-4E6F-98D7-CD6A96A3EBDD-e1711293701928.jpg\"><figure class=\"swiper-slide-inner\"><img decoding=\"async\" class=\"swiper-slide-image\" src=\"https:\/\/harasdaurlann.com\/wp-content\/uploads\/2024\/03\/6B34D830-8335-4E6F-98D7-CD6A96A3EBDD-e1711293701928.jpg\" alt=\"Commerce et valorisation\" \/><figcaption class=\"elementor-image-carousel-caption\">Igor de Mazin - Vendu<\/figcaption><\/figure><\/a><\/div><div class=\"swiper-slide\" role=\"group\" aria-roledescription=\"slide\" aria-label=\"2 sur 9\"><a data-elementor-open-lightbox=\"yes\" data-elementor-lightbox-slideshow=\"8137ec1\" data-elementor-lightbox-title=\"Fender - A vendre\" data-e-action-hash=\"#elementor-action%3Aaction%3Dlightbox%26settings%3DeyJpZCI6MzAwLCJ1cmwiOiJodHRwczpcL1wvaGFyYXNkYXVybGFubi5jb21cL3dwLWNvbnRlbnRcL3VwbG9hZHNcLzIwMjRcLzAzXC8zOWZiYTBjMC1lYzBhLTQ1YzEtYjEyMS00MmQ5ZmRjZWYzNDMuanBnIiwic2xpZGVzaG93IjoiODEzN2VjMSJ9\" href=\"https:\/\/harasdaurlann.com\/wp-content\/uploads\/2024\/03\/39fba0c0-ec0a-45c1-b121-42d9fdcef343.jpg\"><figure class=\"swiper-slide-inner\"><img decoding=\"async\" class=\"swiper-slide-image\" src=\"https:\/\/harasdaurlann.com\/wp-content\/uploads\/2024\/03\/39fba0c0-ec0a-45c1-b121-42d9fdcef343.jpg\" alt=\"Chevaux \u00e0 vendre\" \/><figcaption class=\"elementor-image-carousel-caption\">Fender - A vendre<\/figcaption><\/figure><\/a><\/div><div class=\"swiper-slide\" role=\"group\" aria-roledescription=\"slide\" aria-label=\"3 sur 9\"><a data-elementor-open-lightbox=\"yes\" data-elementor-lightbox-slideshow=\"8137ec1\" data-elementor-lightbox-title=\"Gipse des Deux nids- A vendre\" data-e-action-hash=\"#elementor-action%3Aaction%3Dlightbox%26settings%3DeyJpZCI6MzEwLCJ1cmwiOiJodHRwczpcL1wvaGFyYXNkYXVybGFubi5jb21cL3dwLWNvbnRlbnRcL3VwbG9hZHNcLzIwMjRcLzAzXC9JTUdfOTcyNy0yLmpwZyIsInNsaWRlc2hvdyI6IjgxMzdlYzEifQ%3D%3D\" href=\"https:\/\/harasdaurlann.com\/wp-content\/uploads\/2024\/03\/IMG_9727-2.jpg\"><figure class=\"swiper-slide-inner\"><img decoding=\"async\" class=\"swiper-slide-image\" src=\"https:\/\/harasdaurlann.com\/wp-content\/uploads\/2024\/03\/IMG_9727-2.jpg\" alt=\"commerce et valorisation\" \/><figcaption class=\"elementor-image-carousel-caption\">Gipse des Deux nids- A vendre<\/figcaption><\/figure><\/a><\/div><div class=\"swiper-slide\" role=\"group\" aria-roledescription=\"slide\" aria-label=\"4 sur 9\"><a data-elementor-open-lightbox=\"yes\" data-elementor-lightbox-slideshow=\"8137ec1\" data-elementor-lightbox-title=\"Happiness - Vendue\" data-e-action-hash=\"#elementor-action%3Aaction%3Dlightbox%26settings%3DeyJpZCI6MTQzLCJ1cmwiOiJodHRwczpcL1wvaGFyYXNkYXVybGFubi5jb21cL3dwLWNvbnRlbnRcL3VwbG9hZHNcLzIwMjRcLzAzXC9JTUdfMDE2NC0yLWUxNzExNDAwODA1NDA0LmpwZyIsInNsaWRlc2hvdyI6IjgxMzdlYzEifQ%3D%3D\" href=\"https:\/\/harasdaurlann.com\/wp-content\/uploads\/2024\/03\/IMG_0164-2-e1711400805404.jpg\"><figure class=\"swiper-slide-inner\"><img decoding=\"async\" class=\"swiper-slide-image\" src=\"https:\/\/harasdaurlann.com\/wp-content\/uploads\/2024\/03\/IMG_0164-2-e1711400805404.jpg\" alt=\"Vendue\" \/><figcaption class=\"elementor-image-carousel-caption\">Happiness - Vendue<\/figcaption><\/figure><\/a><\/div><div class=\"swiper-slide\" role=\"group\" aria-roledescription=\"slide\" aria-label=\"5 sur 9\"><a data-elementor-open-lightbox=\"yes\" data-elementor-lightbox-slideshow=\"8137ec1\" data-elementor-lightbox-title=\"Gibson - Vendu\" data-e-action-hash=\"#elementor-action%3Aaction%3Dlightbox%26settings%3DeyJpZCI6MzExLCJ1cmwiOiJodHRwczpcL1wvaGFyYXNkYXVybGFubi5jb21cL3dwLWNvbnRlbnRcL3VwbG9hZHNcLzIwMjRcLzAzXC9JTUdfOTc2Ny1zY2FsZWQuanBnIiwic2xpZGVzaG93IjoiODEzN2VjMSJ9\" href=\"https:\/\/harasdaurlann.com\/wp-content\/uploads\/2024\/03\/IMG_9767-scaled.jpg\"><figure class=\"swiper-slide-inner\"><img decoding=\"async\" class=\"swiper-slide-image\" src=\"https:\/\/harasdaurlann.com\/wp-content\/uploads\/2024\/03\/IMG_9767-scaled.jpg\" alt=\"commerce et valorisation\" \/><figcaption class=\"elementor-image-carousel-caption\">Gibson - Vendu<\/figcaption><\/figure><\/a><\/div><div class=\"swiper-slide\" role=\"group\" aria-roledescription=\"slide\" aria-label=\"6 sur 9\"><a data-elementor-open-lightbox=\"yes\" data-elementor-lightbox-slideshow=\"8137ec1\" data-elementor-lightbox-title=\"Joker de Mazin - Vendu\" data-e-action-hash=\"#elementor-action%3Aaction%3Dlightbox%26settings%3DeyJpZCI6MzA2LCJ1cmwiOiJodHRwczpcL1wvaGFyYXNkYXVybGFubi5jb21cL3dwLWNvbnRlbnRcL3VwbG9hZHNcLzIwMjRcLzAzXC9JTUdfMDMwMy5qcGciLCJzbGlkZXNob3ciOiI4MTM3ZWMxIn0%3D\" href=\"https:\/\/harasdaurlann.com\/wp-content\/uploads\/2024\/03\/IMG_0303.jpg\"><figure class=\"swiper-slide-inner\"><img decoding=\"async\" class=\"swiper-slide-image\" src=\"https:\/\/harasdaurlann.com\/wp-content\/uploads\/2024\/03\/IMG_0303.jpg\" alt=\"commerce et valorisation\" \/><figcaption class=\"elementor-image-carousel-caption\">Joker de Mazin - Vendu<\/figcaption><\/figure><\/a><\/div><div class=\"swiper-slide\" role=\"group\" aria-roledescription=\"slide\" aria-label=\"7 sur 9\"><a data-elementor-open-lightbox=\"yes\" data-elementor-lightbox-slideshow=\"8137ec1\" data-elementor-lightbox-title=\"Igor - Vendu\" data-e-action-hash=\"#elementor-action%3Aaction%3Dlightbox%26settings%3DeyJpZCI6MzA3LCJ1cmwiOiJodHRwczpcL1wvaGFyYXNkYXVybGFubi5jb21cL3dwLWNvbnRlbnRcL3VwbG9hZHNcLzIwMjRcLzAzXC9JTUdfMDMwNC0zLmpwZyIsInNsaWRlc2hvdyI6IjgxMzdlYzEifQ%3D%3D\" href=\"https:\/\/harasdaurlann.com\/wp-content\/uploads\/2024\/03\/IMG_0304-3.jpg\"><figure class=\"swiper-slide-inner\"><img decoding=\"async\" class=\"swiper-slide-image\" src=\"https:\/\/harasdaurlann.com\/wp-content\/uploads\/2024\/03\/IMG_0304-3.jpg\" alt=\"Vendu\" \/><figcaption class=\"elementor-image-carousel-caption\">Igor - Vendu<\/figcaption><\/figure><\/a><\/div><div class=\"swiper-slide\" role=\"group\" aria-roledescription=\"slide\" aria-label=\"8 sur 9\"><a data-elementor-open-lightbox=\"yes\" data-elementor-lightbox-slideshow=\"8137ec1\" data-elementor-lightbox-title=\"Joe Black - Vendu\" data-e-action-hash=\"#elementor-action%3Aaction%3Dlightbox%26settings%3DeyJpZCI6MzA5LCJ1cmwiOiJodHRwczpcL1wvaGFyYXNkYXVybGFubi5jb21cL3dwLWNvbnRlbnRcL3VwbG9hZHNcLzIwMjRcLzAzXC9JTUdfMTE5MS1zY2FsZWQuanBnIiwic2xpZGVzaG93IjoiODEzN2VjMSJ9\" href=\"https:\/\/harasdaurlann.com\/wp-content\/uploads\/2024\/03\/IMG_1191-scaled.jpg\"><figure class=\"swiper-slide-inner\"><img decoding=\"async\" class=\"swiper-slide-image\" src=\"https:\/\/harasdaurlann.com\/wp-content\/uploads\/2024\/03\/IMG_1191-scaled.jpg\" alt=\"commerce et valorisation\" \/><figcaption class=\"elementor-image-carousel-caption\">Joe Black - Vendu<\/figcaption><\/figure><\/a><\/div><div class=\"swiper-slide\" role=\"group\" aria-roledescription=\"slide\" aria-label=\"9 sur 9\"><a data-elementor-open-lightbox=\"yes\" data-elementor-lightbox-slideshow=\"8137ec1\" data-elementor-lightbox-title=\"Ilario du Donel - Vendu\" data-e-action-hash=\"#elementor-action%3Aaction%3Dlightbox%26settings%3DeyJpZCI6MTIzLCJ1cmwiOiJodHRwczpcL1wvaGFyYXNkYXVybGFubi5jb21cL3dwLWNvbnRlbnRcL3VwbG9hZHNcLzIwMjRcLzAzXC80QkI1MzFGOS1GRTMyLTQ3M0YtQTQ4NS1COEVCQURFMTBGRUEtZTE3MTE0MDI5NTY2NjQuanBnIiwic2xpZGVzaG93IjoiODEzN2VjMSJ9\" href=\"https:\/\/harasdaurlann.com\/wp-content\/uploads\/2024\/03\/4BB531F9-FE32-473F-A485-B8EBADE10FEA-e1711402956664.jpg\"><figure class=\"swiper-slide-inner\"><img decoding=\"async\" class=\"swiper-slide-image\" src=\"https:\/\/harasdaurlann.com\/wp-content\/uploads\/2024\/03\/4BB531F9-FE32-473F-A485-B8EBADE10FEA-e1711402956664.jpg\" alt=\"Vendu\" \/><figcaption class=\"elementor-image-carousel-caption\">Ilario du Donel - Vendu<\/figcaption><\/figure><\/a><\/div>\t\t\t<\/div>\n\t\t\t\t\t\t\t\t\t\t\t\t<div class=\"elementor-swiper-button elementor-swiper-button-prev\" role=\"button\" tabindex=\"0\">\n\t\t\t\t\t\t<svg aria-hidden=\"true\" class=\"e-font-icon-svg e-eicon-chevron-left\" viewBox=\"0 0 1000 1000\" xmlns=\"http:\/\/www.w3.org\/2000\/svg\"><path d=\"M646 125C629 125 613 133 604 142L308 442C296 454 292 471 292 487 292 504 296 521 308 533L604 854C617 867 629 875 646 875 663 875 679 871 692 858 704 846 713 829 713 812 713 796 708 779 692 767L438 487 692 225C700 217 708 204 708 187 708 171 704 154 692 142 675 129 663 125 646 125Z\"><\/path><\/svg>\t\t\t\t\t<\/div>\n\t\t\t\t\t<div class=\"elementor-swiper-button elementor-swiper-button-next\" role=\"button\" tabindex=\"0\">\n\t\t\t\t\t\t<svg aria-hidden=\"true\" class=\"e-font-icon-svg e-eicon-chevron-right\" viewBox=\"0 0 1000 1000\" xmlns=\"http:\/\/www.w3.org\/2000\/svg\"><path d=\"M696 533C708 521 713 504 713 487 713 471 708 454 696 446L400 146C388 133 375 125 354 125 338 125 325 129 313 142 300 154 292 171 292 187 292 204 296 221 308 233L563 492 304 771C292 783 288 800 288 817 288 833 296 850 308 863 321 871 338 875 354 875 371 875 388 867 400 854L696 533Z\"><\/path><\/svg>\t\t\t\t\t<\/div>\n\t\t\t\t\n\t\t\t\t\t\t\t\t\t<div class=\"swiper-pagination\"><\/div>\n\t\t\t\t\t\t\t\t\t<\/div>\n\t\t\t\t\t\t<\/div>\n\t\t\t\t<\/div>\n\t\t\t\t<\/div>\n\t\t\t\t\t<\/div>\n\t\t\t\t<\/div>\n\t\t<div class=\"elementor-element elementor-element-ffb53b9 e-flex e-con-boxed e-con e-parent\" data-id=\"ffb53b9\" data-element_type=\"container\">\n\t\t\t\t\t<div class=\"e-con-inner\">\n\t\t\t\t<div class=\"elementor-element elementor-element-361fd7c elementor-widget elementor-widget-heading\" data-id=\"361fd7c\" data-element_type=\"widget\" data-widget_type=\"heading.default\">\n\t\t\t\t<div class=\"elementor-widget-container\">\n\t\t\t\t\t<h2 class=\"elementor-heading-title elementor-size-default\">Situ\u00e9 dans le morbihan \u00e0 proximit\u00e9 des d\u00e9partements des C\u00f4tes d'Armor de la Normandie et de la Loire Atlantique, les belles pistes du Haras d'Hennebont, de Lamballe , de Saint Lo, Le Pin au haras sont une priorit\u00e9 pour valoriser au mieux les chevaux.<\/h2>\t\t\t\t<\/div>\n\t\t\t\t<\/div>\n\t\t\t\t\t<\/div>\n\t\t\t\t<\/div>\n\t\t<div class=\"elementor-element elementor-element-1374181 e-flex e-con-boxed e-con e-parent\" data-id=\"1374181\" data-element_type=\"container\">\n\t\t\t\t\t<div class=\"e-con-inner\">\n\t\t\t\t<div class=\"elementor-element elementor-element-4dfb638 elementor-widget elementor-widget-spacer\" data-id=\"4dfb638\" data-element_type=\"widget\" data-widget_type=\"spacer.default\">\n\t\t\t\t<div class=\"elementor-widget-container\">\n\t\t\t\t\t\t\t<div class=\"elementor-spacer\">\n\t\t\t<div class=\"elementor-spacer-inner\"><\/div>\n\t\t<\/div>\n\t\t\t\t\t\t<\/div>\n\t\t\t\t<\/div>\n\t\t\t\t<div class=\"elementor-element elementor-element-4a11cf9 elementor-widget elementor-widget-text-editor\" data-id=\"4a11cf9\" data-element_type=\"widget\" data-widget_type=\"text-editor.default\">\n\t\t\t\t<div class=\"elementor-widget-container\">\n\t\t\t\t\t\t\t\t\t<p>Retrouvez nous sur <a href=\"https:\/\/www.facebook.com\/HarasdAurlann\">Facebook<\/a> et <a href=\"https:\/\/www.instagram.com\/elevage_d_aurlann\">Instagram<\/a>.<\/p>\t\t\t\t\t\t\t\t<\/div>\n\t\t\t\t<\/div>\n\t\t\t\t\t<\/div>\n\t\t\t\t<\/div>\n\t\t\t\t<\/div>\n\t\t","protected":false},"excerpt":{"rendered":"<p>Nos prestations propos\u00e9es : Commerce et valorisation du cheval\/poney de sport , loisirs D\u00e9p\u00f4t vente D\u00e9bourrage, dressage, pr\u00e9paration \u00e0 la comp\u00e9tition du jeune cheval Circuit FFE Cycle classiques et libres 4,5,6 ans Pr\u00e9paration aux ventes Fences, Nash Pr\u00e9paration aux pr\u00e9sentations foal, poulini\u00e8re, 2 et 3 ans Nombre de places limit\u00e9es \u00e0 cinq pensions travail afin [&hellip;]<\/p>\n","protected":false},"author":1,"featured_media":0,"parent":0,"menu_order":0,"comment_status":"closed","ping_status":"closed","template":"","meta":{"footnotes":""},"class_list":["post-286","page","type-page","status-publish","hentry","entry"],"yoast_head":"<!-- This site is optimized with the Yoast SEO plugin v25.7 - https:\/\/yoast.com\/wordpress\/plugins\/seo\/ -->\n<title>Commerce et Valorisation -<\/title>\n<meta name=\"description\" content=\"Situ\u00e9 \u00e0 Surzur dans le Morbihan, commerce et valorisation jeunes chevaux , pr\u00e9paration aux ventes , d\u00e9bourrage\" \/>\n<meta name=\"robots\" content=\"index, follow, max-snippet:-1, max-image-preview:large, max-video-preview:-1\" \/>\n<link rel=\"canonical\" href=\"https:\/\/harasdaurlann.com\/index.php\/commerce-et-valorisation\/\" \/>\n<meta property=\"og:locale\" content=\"fr_FR\" \/>\n<meta property=\"og:type\" content=\"article\" \/>\n<meta property=\"og:title\" content=\"Commerce et Valorisation -\" \/>\n<meta property=\"og:description\" content=\"Situ\u00e9 \u00e0 Surzur dans le Morbihan, commerce et valorisation jeunes chevaux , pr\u00e9paration aux ventes , d\u00e9bourrage\" \/>\n<meta property=\"og:url\" content=\"https:\/\/harasdaurlann.com\/index.php\/commerce-et-valorisation\/\" \/>\n<meta property=\"article:publisher\" content=\"https:\/\/www.facebook.com\/HarasdAurlann\" \/>\n<meta property=\"article:modified_time\" content=\"2024-03-26T20:27:59+00:00\" \/>\n<meta property=\"og:image\" content=\"https:\/\/harasdaurlann.com\/wp-content\/uploads\/2024\/03\/6B34D830-8335-4E6F-98D7-CD6A96A3EBDD-e1711293701928.jpg\" \/>\n<meta name=\"twitter:card\" content=\"summary_large_image\" \/>\n<meta name=\"twitter:label1\" content=\"Dur\u00e9e de lecture estim\u00e9e\" \/>\n\t<meta name=\"twitter:data1\" content=\"3 minutes\" \/>\n<script type=\"application\/ld+json\" class=\"yoast-schema-graph\">{\"@context\":\"https:\/\/schema.org\",\"@graph\":[{\"@type\":\"WebPage\",\"@id\":\"https:\/\/harasdaurlann.com\/index.php\/commerce-et-valorisation\/\",\"url\":\"https:\/\/harasdaurlann.com\/index.php\/commerce-et-valorisation\/\",\"name\":\"Commerce et Valorisation -\",\"isPartOf\":{\"@id\":\"https:\/\/harasdaurlann.com\/#website\"},\"primaryImageOfPage\":{\"@id\":\"https:\/\/harasdaurlann.com\/index.php\/commerce-et-valorisation\/#primaryimage\"},\"image\":{\"@id\":\"https:\/\/harasdaurlann.com\/index.php\/commerce-et-valorisation\/#primaryimage\"},\"thumbnailUrl\":\"https:\/\/harasdaurlann.com\/wp-content\/uploads\/2024\/03\/6B34D830-8335-4E6F-98D7-CD6A96A3EBDD-e1711293701928.jpg\",\"datePublished\":\"2024-03-25T21:29:22+00:00\",\"dateModified\":\"2024-03-26T20:27:59+00:00\",\"description\":\"Situ\u00e9 \u00e0 Surzur dans le Morbihan, commerce et valorisation jeunes chevaux , pr\u00e9paration aux ventes , d\u00e9bourrage\",\"breadcrumb\":{\"@id\":\"https:\/\/harasdaurlann.com\/index.php\/commerce-et-valorisation\/#breadcrumb\"},\"inLanguage\":\"fr-FR\",\"potentialAction\":[{\"@type\":\"ReadAction\",\"target\":[\"https:\/\/harasdaurlann.com\/index.php\/commerce-et-valorisation\/\"]}]},{\"@type\":\"ImageObject\",\"inLanguage\":\"fr-FR\",\"@id\":\"https:\/\/harasdaurlann.com\/index.php\/commerce-et-valorisation\/#primaryimage\",\"url\":\"https:\/\/harasdaurlann.com\/wp-content\/uploads\/2024\/03\/6B34D830-8335-4E6F-98D7-CD6A96A3EBDD-e1711293701928.jpg\",\"contentUrl\":\"https:\/\/harasdaurlann.com\/wp-content\/uploads\/2024\/03\/6B34D830-8335-4E6F-98D7-CD6A96A3EBDD-e1711293701928.jpg\"},{\"@type\":\"BreadcrumbList\",\"@id\":\"https:\/\/harasdaurlann.com\/index.php\/commerce-et-valorisation\/#breadcrumb\",\"itemListElement\":[{\"@type\":\"ListItem\",\"position\":1,\"name\":\"Accueil\",\"item\":\"https:\/\/harasdaurlann.com\/\"},{\"@type\":\"ListItem\",\"position\":2,\"name\":\"Commerce et Valorisation\"}]},{\"@type\":\"WebSite\",\"@id\":\"https:\/\/harasdaurlann.com\/#website\",\"url\":\"https:\/\/harasdaurlann.com\/\",\"name\":\"Haras d'Aurlann\",\"description\":\"\",\"publisher\":{\"@id\":\"https:\/\/harasdaurlann.com\/#organization\"},\"potentialAction\":[{\"@type\":\"SearchAction\",\"target\":{\"@type\":\"EntryPoint\",\"urlTemplate\":\"https:\/\/harasdaurlann.com\/?s={search_term_string}\"},\"query-input\":{\"@type\":\"PropertyValueSpecification\",\"valueRequired\":true,\"valueName\":\"search_term_string\"}}],\"inLanguage\":\"fr-FR\"},{\"@type\":\"Organization\",\"@id\":\"https:\/\/harasdaurlann.com\/#organization\",\"name\":\"Scea de Kervache\",\"url\":\"https:\/\/harasdaurlann.com\/\",\"logo\":{\"@type\":\"ImageObject\",\"inLanguage\":\"fr-FR\",\"@id\":\"https:\/\/harasdaurlann.com\/#\/schema\/logo\/image\/\",\"url\":\"https:\/\/harasdaurlann.com\/wp-content\/uploads\/2024\/03\/cropped-Capture_d_ecran_2024-03-23_a_18.24.23-removebg-preview.png\",\"contentUrl\":\"https:\/\/harasdaurlann.com\/wp-content\/uploads\/2024\/03\/cropped-Capture_d_ecran_2024-03-23_a_18.24.23-removebg-preview.png\",\"width\":493,\"height\":501,\"caption\":\"Scea de Kervache\"},\"image\":{\"@id\":\"https:\/\/harasdaurlann.com\/#\/schema\/logo\/image\/\"},\"sameAs\":[\"https:\/\/www.facebook.com\/HarasdAurlann\",\"https:\/\/www.instagram.com\/elevage_d_aurlann\/\"]}]}<\/script>\n<!-- \/ Yoast SEO plugin. -->","yoast_head_json":{"title":"Commerce et Valorisation -","description":"Situ\u00e9 \u00e0 Surzur dans le Morbihan, commerce et valorisation jeunes chevaux , pr\u00e9paration aux ventes , d\u00e9bourrage","robots":{"index":"index","follow":"follow","max-snippet":"max-snippet:-1","max-image-preview":"max-image-preview:large","max-video-preview":"max-video-preview:-1"},"canonical":"https:\/\/harasdaurlann.com\/index.php\/commerce-et-valorisation\/","og_locale":"fr_FR","og_type":"article","og_title":"Commerce et Valorisation -","og_description":"Situ\u00e9 \u00e0 Surzur dans le Morbihan, commerce et valorisation jeunes chevaux , pr\u00e9paration aux ventes , d\u00e9bourrage","og_url":"https:\/\/harasdaurlann.com\/index.php\/commerce-et-valorisation\/","article_publisher":"https:\/\/www.facebook.com\/HarasdAurlann","article_modified_time":"2024-03-26T20:27:59+00:00","og_image":[{"url":"https:\/\/harasdaurlann.com\/wp-content\/uploads\/2024\/03\/6B34D830-8335-4E6F-98D7-CD6A96A3EBDD-e1711293701928.jpg","type":"","width":"","height":""}],"twitter_card":"summary_large_image","twitter_misc":{"Dur\u00e9e de lecture estim\u00e9e":"3 minutes"},"schema":{"@context":"https:\/\/schema.org","@graph":[{"@type":"WebPage","@id":"https:\/\/harasdaurlann.com\/index.php\/commerce-et-valorisation\/","url":"https:\/\/harasdaurlann.com\/index.php\/commerce-et-valorisation\/","name":"Commerce et Valorisation -","isPartOf":{"@id":"https:\/\/harasdaurlann.com\/#website"},"primaryImageOfPage":{"@id":"https:\/\/harasdaurlann.com\/index.php\/commerce-et-valorisation\/#primaryimage"},"image":{"@id":"https:\/\/harasdaurlann.com\/index.php\/commerce-et-valorisation\/#primaryimage"},"thumbnailUrl":"https:\/\/harasdaurlann.com\/wp-content\/uploads\/2024\/03\/6B34D830-8335-4E6F-98D7-CD6A96A3EBDD-e1711293701928.jpg","datePublished":"2024-03-25T21:29:22+00:00","dateModified":"2024-03-26T20:27:59+00:00","description":"Situ\u00e9 \u00e0 Surzur dans le Morbihan, commerce et valorisation jeunes chevaux , pr\u00e9paration aux ventes , d\u00e9bourrage","breadcrumb":{"@id":"https:\/\/harasdaurlann.com\/index.php\/commerce-et-valorisation\/#breadcrumb"},"inLanguage":"fr-FR","potentialAction":[{"@type":"ReadAction","target":["https:\/\/harasdaurlann.com\/index.php\/commerce-et-valorisation\/"]}]},{"@type":"ImageObject","inLanguage":"fr-FR","@id":"https:\/\/harasdaurlann.com\/index.php\/commerce-et-valorisation\/#primaryimage","url":"https:\/\/harasdaurlann.com\/wp-content\/uploads\/2024\/03\/6B34D830-8335-4E6F-98D7-CD6A96A3EBDD-e1711293701928.jpg","contentUrl":"https:\/\/harasdaurlann.com\/wp-content\/uploads\/2024\/03\/6B34D830-8335-4E6F-98D7-CD6A96A3EBDD-e1711293701928.jpg"},{"@type":"BreadcrumbList","@id":"https:\/\/harasdaurlann.com\/index.php\/commerce-et-valorisation\/#breadcrumb","itemListElement":[{"@type":"ListItem","position":1,"name":"Accueil","item":"https:\/\/harasdaurlann.com\/"},{"@type":"ListItem","position":2,"name":"Commerce et Valorisation"}]},{"@type":"WebSite","@id":"https:\/\/harasdaurlann.com\/#website","url":"https:\/\/harasdaurlann.com\/","name":"Haras d'Aurlann","description":"","publisher":{"@id":"https:\/\/harasdaurlann.com\/#organization"},"potentialAction":[{"@type":"SearchAction","target":{"@type":"EntryPoint","urlTemplate":"https:\/\/harasdaurlann.com\/?s={search_term_string}"},"query-input":{"@type":"PropertyValueSpecification","valueRequired":true,"valueName":"search_term_string"}}],"inLanguage":"fr-FR"},{"@type":"Organization","@id":"https:\/\/harasdaurlann.com\/#organization","name":"Scea de Kervache","url":"https:\/\/harasdaurlann.com\/","logo":{"@type":"ImageObject","inLanguage":"fr-FR","@id":"https:\/\/harasdaurlann.com\/#\/schema\/logo\/image\/","url":"https:\/\/harasdaurlann.com\/wp-content\/uploads\/2024\/03\/cropped-Capture_d_ecran_2024-03-23_a_18.24.23-removebg-preview.png","contentUrl":"https:\/\/harasdaurlann.com\/wp-content\/uploads\/2024\/03\/cropped-Capture_d_ecran_2024-03-23_a_18.24.23-removebg-preview.png","width":493,"height":501,"caption":"Scea de Kervache"},"image":{"@id":"https:\/\/harasdaurlann.com\/#\/schema\/logo\/image\/"},"sameAs":["https:\/\/www.facebook.com\/HarasdAurlann","https:\/\/www.instagram.com\/elevage_d_aurlann\/"]}]}},"_links":{"self":[{"href":"https:\/\/harasdaurlann.com\/index.php\/wp-json\/wp\/v2\/pages\/286","targetHints":{"allow":["GET"]}}],"collection":[{"href":"https:\/\/harasdaurlann.com\/index.php\/wp-json\/wp\/v2\/pages"}],"about":[{"href":"https:\/\/harasdaurlann.com\/index.php\/wp-json\/wp\/v2\/types\/page"}],"author":[{"embeddable":true,"href":"https:\/\/harasdaurlann.com\/index.php\/wp-json\/wp\/v2\/users\/1"}],"replies":[{"embeddable":true,"href":"https:\/\/harasdaurlann.com\/index.php\/wp-json\/wp\/v2\/comments?post=286"}],"version-history":[{"count":32,"href":"https:\/\/harasdaurlann.com\/index.php\/wp-json\/wp\/v2\/pages\/286\/revisions"}],"predecessor-version":[{"id":498,"href":"https:\/\/harasdaurlann.com\/index.php\/wp-json\/wp\/v2\/pages\/286\/revisions\/498"}],"wp:attachment":[{"href":"https:\/\/harasdaurlann.com\/index.php\/wp-json\/wp\/v2\/media?parent=286"}],"curies":[{"name":"wp","href":"https:\/\/api.w.org\/{rel}","templated":true}]}}