{"id":419,"date":"2024-03-26T16:40:34","date_gmt":"2024-03-26T15:40:34","guid":{"rendered":"https:\/\/harasdaurlann.com\/?page_id=419"},"modified":"2024-03-27T16:16:04","modified_gmt":"2024-03-27T15:16:04","slug":"poulains-de-1-an","status":"publish","type":"page","link":"https:\/\/harasdaurlann.com\/index.php\/poulains-de-1-an\/","title":{"rendered":"POULAINS DE 1 AN"},"content":{"rendered":"\t\t<div data-elementor-type=\"wp-page\" data-elementor-id=\"419\" class=\"elementor elementor-419\">\n\t\t\t\t<div class=\"elementor-element elementor-element-edab506 e-flex e-con-boxed e-con e-parent\" data-id=\"edab506\" data-element_type=\"container\">\n\t\t\t\t\t<div class=\"e-con-inner\">\n\t\t<div class=\"elementor-element elementor-element-75b2014 e-con-full e-flex e-con e-child\" data-id=\"75b2014\" data-element_type=\"container\">\n\t\t\t\t<div class=\"elementor-element elementor-element-22c0dec elementor-align-center elementor-widget elementor-widget-button\" data-id=\"22c0dec\" data-element_type=\"widget\" data-widget_type=\"button.default\">\n\t\t\t\t<div class=\"elementor-widget-container\">\n\t\t\t\t\t\t\t\t\t<div class=\"elementor-button-wrapper\">\n\t\t\t\t\t<a class=\"elementor-button elementor-button-link elementor-size-sm\" href=\"https:\/\/harasdaurlann.com\/index.php\/poulinieres\/\">\n\t\t\t\t\t\t<span class=\"elementor-button-content-wrapper\">\n\t\t\t\t\t\t\t\t\t<span class=\"elementor-button-text\">POULINI\u00c8RES<\/span>\n\t\t\t\t\t<\/span>\n\t\t\t\t\t<\/a>\n\t\t\t\t<\/div>\n\t\t\t\t\t\t\t\t<\/div>\n\t\t\t\t<\/div>\n\t\t\t\t<\/div>\n\t\t<div class=\"elementor-element elementor-element-5dfc9df e-con-full e-flex e-con e-child\" data-id=\"5dfc9df\" data-element_type=\"container\">\n\t\t\t\t<div class=\"elementor-element elementor-element-d7a221d elementor-widget elementor-widget-button\" data-id=\"d7a221d\" data-element_type=\"widget\" data-widget_type=\"button.default\">\n\t\t\t\t<div class=\"elementor-widget-container\">\n\t\t\t\t\t\t\t\t\t<div class=\"elementor-button-wrapper\">\n\t\t\t\t\t<a class=\"elementor-button elementor-button-link elementor-size-sm\" href=\"https:\/\/harasdaurlann.com\/index.php\/poulains-nes-cette-annee\/\">\n\t\t\t\t\t\t<span class=\"elementor-button-content-wrapper\">\n\t\t\t\t\t\t\t\t\t<span class=\"elementor-button-text\">POULAINS DE  2024<\/span>\n\t\t\t\t\t<\/span>\n\t\t\t\t\t<\/a>\n\t\t\t\t<\/div>\n\t\t\t\t\t\t\t\t<\/div>\n\t\t\t\t<\/div>\n\t\t\t\t<\/div>\n\t\t<div class=\"elementor-element elementor-element-7f81432 e-con-full e-flex e-con e-child\" data-id=\"7f81432\" data-element_type=\"container\">\n\t\t\t\t<div class=\"elementor-element elementor-element-b1f0d5f elementor-widget elementor-widget-button\" data-id=\"b1f0d5f\" data-element_type=\"widget\" data-widget_type=\"button.default\">\n\t\t\t\t<div class=\"elementor-widget-container\">\n\t\t\t\t\t\t\t\t\t<div class=\"elementor-button-wrapper\">\n\t\t\t\t\t<a class=\"elementor-button elementor-button-link elementor-size-sm\" href=\"https:\/\/harasdaurlann.com\/index.php\/poulains-de-1-an\/\">\n\t\t\t\t\t\t<span class=\"elementor-button-content-wrapper\">\n\t\t\t\t\t\t\t\t\t<span class=\"elementor-button-text\">POULAINS DE 1 AN<\/span>\n\t\t\t\t\t<\/span>\n\t\t\t\t\t<\/a>\n\t\t\t\t<\/div>\n\t\t\t\t\t\t\t\t<\/div>\n\t\t\t\t<\/div>\n\t\t\t\t<\/div>\n\t\t<div class=\"elementor-element elementor-element-6a16a6b e-con-full e-flex e-con e-child\" data-id=\"6a16a6b\" data-element_type=\"container\">\n\t\t\t\t<div class=\"elementor-element elementor-element-a0e3a9a elementor-widget elementor-widget-button\" data-id=\"a0e3a9a\" data-element_type=\"widget\" data-widget_type=\"button.default\">\n\t\t\t\t<div class=\"elementor-widget-container\">\n\t\t\t\t\t\t\t\t\t<div class=\"elementor-button-wrapper\">\n\t\t\t\t\t<a class=\"elementor-button elementor-button-link elementor-size-sm\" href=\"https:\/\/harasdaurlann.com\/index.php\/poulains-de-2-ans\/\">\n\t\t\t\t\t\t<span class=\"elementor-button-content-wrapper\">\n\t\t\t\t\t\t\t\t\t<span class=\"elementor-button-text\">POULAINS DE 2 ANS<\/span>\n\t\t\t\t\t<\/span>\n\t\t\t\t\t<\/a>\n\t\t\t\t<\/div>\n\t\t\t\t\t\t\t\t<\/div>\n\t\t\t\t<\/div>\n\t\t\t\t<\/div>\n\t\t<div class=\"elementor-element elementor-element-8751c57 e-con-full e-flex e-con e-child\" data-id=\"8751c57\" data-element_type=\"container\">\n\t\t\t\t<div class=\"elementor-element elementor-element-e9db7f6 elementor-widget elementor-widget-button\" data-id=\"e9db7f6\" data-element_type=\"widget\" data-widget_type=\"button.default\">\n\t\t\t\t<div class=\"elementor-widget-container\">\n\t\t\t\t\t\t\t\t\t<div class=\"elementor-button-wrapper\">\n\t\t\t\t\t<a class=\"elementor-button elementor-button-link elementor-size-sm\" href=\"https:\/\/harasdaurlann.com\/index.php\/poulains-de-3-ans\/\">\n\t\t\t\t\t\t<span class=\"elementor-button-content-wrapper\">\n\t\t\t\t\t\t\t\t\t<span class=\"elementor-button-text\">POULAINS DE 3 ANS<\/span>\n\t\t\t\t\t<\/span>\n\t\t\t\t\t<\/a>\n\t\t\t\t<\/div>\n\t\t\t\t\t\t\t\t<\/div>\n\t\t\t\t<\/div>\n\t\t\t\t<\/div>\n\t\t\t\t\t<\/div>\n\t\t\t\t<\/div>\n\t\t<div class=\"elementor-element elementor-element-fdec6a2 e-flex e-con-boxed e-con e-parent\" data-id=\"fdec6a2\" data-element_type=\"container\">\n\t\t\t\t\t<div class=\"e-con-inner\">\n\t\t\t\t<div class=\"elementor-element elementor-element-ab52c28 elementor-widget elementor-widget-heading\" data-id=\"ab52c28\" data-element_type=\"widget\" data-widget_type=\"heading.default\">\n\t\t\t\t<div class=\"elementor-widget-container\">\n\t\t\t\t\t<h2 class=\"elementor-heading-title elementor-size-default\">POULAINS DE 1 AN<\/h2>\t\t\t\t<\/div>\n\t\t\t\t<\/div>\n\t\t\t\t\t<\/div>\n\t\t\t\t<\/div>\n\t\t<div class=\"elementor-element elementor-element-ebd5a85 e-flex e-con-boxed e-con e-parent\" data-id=\"ebd5a85\" data-element_type=\"container\">\n\t\t\t\t\t<div class=\"e-con-inner\">\n\t\t\t\t<div class=\"elementor-element elementor-element-d9f1712 elementor-widget-divider--view-line elementor-widget elementor-widget-divider\" data-id=\"d9f1712\" data-element_type=\"widget\" data-widget_type=\"divider.default\">\n\t\t\t\t<div class=\"elementor-widget-container\">\n\t\t\t\t\t\t\t<div class=\"elementor-divider\">\n\t\t\t<span class=\"elementor-divider-separator\">\n\t\t\t\t\t\t<\/span>\n\t\t<\/div>\n\t\t\t\t\t\t<\/div>\n\t\t\t\t<\/div>\n\t\t\t\t<div class=\"elementor-element elementor-element-9f47b4c elementor-widget elementor-widget-heading\" data-id=\"9f47b4c\" data-element_type=\"widget\" data-widget_type=\"heading.default\">\n\t\t\t\t<div class=\"elementor-widget-container\">\n\t\t\t\t\t<h2 class=\"elementor-heading-title elementor-size-default\">Nayati d'Aurlann<\/h2>\t\t\t\t<\/div>\n\t\t\t\t<\/div>\n\t\t\t\t\t<\/div>\n\t\t\t\t<\/div>\n\t\t<div class=\"elementor-element elementor-element-b1e7fca e-flex e-con-boxed e-con e-parent\" data-id=\"b1e7fca\" data-element_type=\"container\">\n\t\t\t\t\t<div class=\"e-con-inner\">\n\t\t<div class=\"elementor-element elementor-element-56cc70e e-con-full e-flex e-con e-child\" data-id=\"56cc70e\" data-element_type=\"container\">\n\t\t\t\t<div class=\"elementor-element elementor-element-ba881dd elementor-widget elementor-widget-image\" data-id=\"ba881dd\" data-element_type=\"widget\" data-widget_type=\"image.default\">\n\t\t\t\t<div class=\"elementor-widget-container\">\n\t\t\t\t\t\t\t\t\t\t\t\t\t\t\t\t<a href=\"https:\/\/harasdaurlann.com\/wp-content\/uploads\/2024\/03\/IMG_3190.jpg\" data-elementor-open-lightbox=\"yes\" data-elementor-lightbox-title=\"Nayati\" data-e-action-hash=\"#elementor-action%3Aaction%3Dlightbox%26settings%3DeyJpZCI6NTY4LCJ1cmwiOiJodHRwczpcL1wvaGFyYXNkYXVybGFubi5jb21cL3dwLWNvbnRlbnRcL3VwbG9hZHNcLzIwMjRcLzAzXC9JTUdfMzE5MC5qcGcifQ%3D%3D\">\n\t\t\t\t\t\t\t<img fetchpriority=\"high\" decoding=\"async\" width=\"828\" height=\"898\" src=\"https:\/\/harasdaurlann.com\/wp-content\/uploads\/2024\/03\/IMG_3190.jpg\" class=\"attachment-large size-large wp-image-568\" alt=\"Poulains de 1 an\" srcset=\"https:\/\/harasdaurlann.com\/wp-content\/uploads\/2024\/03\/IMG_3190.jpg 828w, https:\/\/harasdaurlann.com\/wp-content\/uploads\/2024\/03\/IMG_3190-277x300.jpg 277w, https:\/\/harasdaurlann.com\/wp-content\/uploads\/2024\/03\/IMG_3190-768x833.jpg 768w\" sizes=\"(max-width: 828px) 100vw, 828px\" \/>\t\t\t\t\t\t\t\t<\/a>\n\t\t\t\t\t\t\t\t\t\t\t\t\t\t\t<\/div>\n\t\t\t\t<\/div>\n\t\t\t\t<\/div>\n\t\t<div class=\"elementor-element elementor-element-606789d e-con-full e-flex e-con e-child\" data-id=\"606789d\" data-element_type=\"container\">\n\t\t\t\t<div class=\"elementor-element elementor-element-a979902 elementor-widget elementor-widget-text-editor\" data-id=\"a979902\" data-element_type=\"widget\" data-widget_type=\"text-editor.default\">\n\t\t\t\t<div class=\"elementor-widget-container\">\n\t\t\t\t\t\t\t\t\t<p class=\"Style24\" align=\"justify\"><strong>SEXE\u00a0 : <\/strong>M\u00e2le<strong><br \/><\/strong><\/p><p class=\"Style24\" align=\"justify\"><strong>NAISSANCE :<\/strong> 23\/03\/2012<strong><br \/><\/strong><\/p><p class=\"Style24\" align=\"justify\"><strong>ROBE : <\/strong>bai<\/p><p class=\"Style24\" align=\"justify\"><strong>PEDIGREE<\/strong> <a href=\"https:\/\/semilly.eu\/diamant-de-semilly\/\">Diamant de Semilly<\/a>\u00a0 x <a href=\"https:\/\/www.horsetelex.fr\/horses\/pedigree\/19310\/plot-blue\">Plot Blue<\/a> x Ahorn Z<\/p><p class=\"Style24\" align=\"justify\">Sa m\u00e8re, <strong><a class=\"horse-link\" href=\"https:\/\/www.horsetelex.fr\/horses\/pedigree\/1755998\/city-blue-du-vernay\">CITY BLUE DU VERNAY<\/a><\/strong>, Finaliste au championnat SF \u00e0 3 ans , est la soeur de <strong><a class=\"horse-link\" href=\"https:\/\/www.horsetelex.fr\/horses\/pedigree\/1571319\/vigo-boy-du-vernay\">VIGO BOY DU VERNAY<\/a>, <\/strong>approuv\u00e9 \u00e9talon (1,45m), d&rsquo;\u00a0<strong><a class=\"horse-link\" href=\"https:\/\/www.horsetelex.fr\/horses\/pedigree\/1756005\/eureka-du-vernay\">EUREKA DU VERNAY<\/a><\/strong> (1,50m) et de <a class=\"horse-link\" href=\"https:\/\/www.horsetelex.fr\/horses\/pedigree\/1756000\/fibelle-du-vernay\"><strong>FIBELLE DU VERNAY<\/strong><\/a>\u00a0 (1,35m) . Sa grand-m\u00e8re, <strong><a class=\"horse-link\" href=\"https:\/\/www.horsetelex.fr\/horses\/pedigree\/100537\/olivia-van-de-helle\">OLIVIA VAN DE HELLE<\/a><\/strong>\u00a0,\u00a0a perform\u00e9 jusqu\u2019en <strong>1,35m<\/strong> .<\/p><p align=\"justify\">Propre fr\u00e8re de <a href=\"https:\/\/harasdaurlann.com\/index.php\/poulains-de-2-ans\/\">Massa\u00ef<\/a>.<\/p><div>\u00a0<\/div><div>\u00a0<\/div>\t\t\t\t\t\t\t\t<\/div>\n\t\t\t\t<\/div>\n\t\t\t\t<\/div>\n\t\t\t\t\t<\/div>\n\t\t\t\t<\/div>\n\t\t<div class=\"elementor-element elementor-element-ff4029e e-flex e-con-boxed e-con e-parent\" data-id=\"ff4029e\" data-element_type=\"container\">\n\t\t\t\t\t<div class=\"e-con-inner\">\n\t\t\t\t<div class=\"elementor-element elementor-element-bfdf949 elementor-widget elementor-widget-text-editor\" data-id=\"bfdf949\" data-element_type=\"widget\" data-widget_type=\"text-editor.default\">\n\t\t\t\t<div class=\"elementor-widget-container\">\n\t\t\t\t\t\t\t\t\t<p>Lorem ipsum dolor sit amet, consectetur adipiscing elit. Ut elit tellus, luctus nec ullamcorper mattis, pulvinar dapibus leo.<\/p>\t\t\t\t\t\t\t\t<\/div>\n\t\t\t\t<\/div>\n\t\t\t\t\t<\/div>\n\t\t\t\t<\/div>\n\t\t\t\t<\/div>\n\t\t","protected":false},"excerpt":{"rendered":"<p>POULINI\u00c8RES POULAINS DE 2024 POULAINS DE 1 AN POULAINS DE 2 ANS POULAINS DE 3 ANS POULAINS DE 1 AN Nayati d&rsquo;Aurlann SEXE\u00a0 : M\u00e2le NAISSANCE : 23\/03\/2012 ROBE : bai PEDIGREE Diamant de Semilly\u00a0 x Plot Blue x Ahorn Z Sa m\u00e8re, CITY BLUE DU VERNAY, Finaliste au championnat SF \u00e0 3 ans , [&hellip;]<\/p>\n","protected":false},"author":1,"featured_media":0,"parent":0,"menu_order":0,"comment_status":"closed","ping_status":"closed","template":"","meta":{"footnotes":""},"class_list":["post-419","page","type-page","status-publish","hentry","entry"],"yoast_head":"<!-- This site is optimized with the Yoast SEO plugin v25.7 - https:\/\/yoast.com\/wordpress\/plugins\/seo\/ -->\n<title>POULAINS DE 1 AN -<\/title>\n<meta name=\"description\" content=\"Nos poulains de 1 an : Nayati , poulain selle fran\u00e7ais par Diamant de Semilly X Plot Blue X Ahorn Z, propre fr\u00e8re de Massa\u00ef 2 ans.\" \/>\n<meta name=\"robots\" content=\"index, follow, max-snippet:-1, max-image-preview:large, max-video-preview:-1\" \/>\n<link rel=\"canonical\" href=\"https:\/\/harasdaurlann.com\/index.php\/poulains-de-1-an\/\" \/>\n<meta property=\"og:locale\" content=\"fr_FR\" \/>\n<meta property=\"og:type\" content=\"article\" \/>\n<meta property=\"og:title\" content=\"POULAINS DE 1 AN -\" \/>\n<meta property=\"og:description\" content=\"Nos poulains de 1 an : Nayati , poulain selle fran\u00e7ais par Diamant de Semilly X Plot Blue X Ahorn Z, propre fr\u00e8re de Massa\u00ef 2 ans.\" \/>\n<meta property=\"og:url\" content=\"https:\/\/harasdaurlann.com\/index.php\/poulains-de-1-an\/\" \/>\n<meta property=\"article:publisher\" content=\"https:\/\/www.facebook.com\/HarasdAurlann\" \/>\n<meta property=\"article:modified_time\" content=\"2024-03-27T15:16:04+00:00\" \/>\n<meta property=\"og:image\" content=\"https:\/\/harasdaurlann.com\/wp-content\/uploads\/2024\/03\/IMG_3190.jpg\" \/>\n<meta name=\"twitter:card\" content=\"summary_large_image\" \/>\n<meta name=\"twitter:label1\" content=\"Dur\u00e9e de lecture estim\u00e9e\" \/>\n\t<meta name=\"twitter:data1\" content=\"1 minute\" \/>\n<script type=\"application\/ld+json\" class=\"yoast-schema-graph\">{\"@context\":\"https:\/\/schema.org\",\"@graph\":[{\"@type\":\"WebPage\",\"@id\":\"https:\/\/harasdaurlann.com\/index.php\/poulains-de-1-an\/\",\"url\":\"https:\/\/harasdaurlann.com\/index.php\/poulains-de-1-an\/\",\"name\":\"POULAINS DE 1 AN -\",\"isPartOf\":{\"@id\":\"https:\/\/harasdaurlann.com\/#website\"},\"primaryImageOfPage\":{\"@id\":\"https:\/\/harasdaurlann.com\/index.php\/poulains-de-1-an\/#primaryimage\"},\"image\":{\"@id\":\"https:\/\/harasdaurlann.com\/index.php\/poulains-de-1-an\/#primaryimage\"},\"thumbnailUrl\":\"https:\/\/harasdaurlann.com\/wp-content\/uploads\/2024\/03\/IMG_3190.jpg\",\"datePublished\":\"2024-03-26T15:40:34+00:00\",\"dateModified\":\"2024-03-27T15:16:04+00:00\",\"description\":\"Nos poulains de 1 an : Nayati , poulain selle fran\u00e7ais par Diamant de Semilly X Plot Blue X Ahorn Z, propre fr\u00e8re de Massa\u00ef 2 ans.\",\"breadcrumb\":{\"@id\":\"https:\/\/harasdaurlann.com\/index.php\/poulains-de-1-an\/#breadcrumb\"},\"inLanguage\":\"fr-FR\",\"potentialAction\":[{\"@type\":\"ReadAction\",\"target\":[\"https:\/\/harasdaurlann.com\/index.php\/poulains-de-1-an\/\"]}]},{\"@type\":\"ImageObject\",\"inLanguage\":\"fr-FR\",\"@id\":\"https:\/\/harasdaurlann.com\/index.php\/poulains-de-1-an\/#primaryimage\",\"url\":\"https:\/\/harasdaurlann.com\/wp-content\/uploads\/2024\/03\/IMG_3190.jpg\",\"contentUrl\":\"https:\/\/harasdaurlann.com\/wp-content\/uploads\/2024\/03\/IMG_3190.jpg\",\"width\":828,\"height\":898,\"caption\":\"Poulains de 1 an\"},{\"@type\":\"BreadcrumbList\",\"@id\":\"https:\/\/harasdaurlann.com\/index.php\/poulains-de-1-an\/#breadcrumb\",\"itemListElement\":[{\"@type\":\"ListItem\",\"position\":1,\"name\":\"Accueil\",\"item\":\"https:\/\/harasdaurlann.com\/\"},{\"@type\":\"ListItem\",\"position\":2,\"name\":\"POULAINS DE 1 AN\"}]},{\"@type\":\"WebSite\",\"@id\":\"https:\/\/harasdaurlann.com\/#website\",\"url\":\"https:\/\/harasdaurlann.com\/\",\"name\":\"Haras d'Aurlann\",\"description\":\"\",\"publisher\":{\"@id\":\"https:\/\/harasdaurlann.com\/#organization\"},\"potentialAction\":[{\"@type\":\"SearchAction\",\"target\":{\"@type\":\"EntryPoint\",\"urlTemplate\":\"https:\/\/harasdaurlann.com\/?s={search_term_string}\"},\"query-input\":{\"@type\":\"PropertyValueSpecification\",\"valueRequired\":true,\"valueName\":\"search_term_string\"}}],\"inLanguage\":\"fr-FR\"},{\"@type\":\"Organization\",\"@id\":\"https:\/\/harasdaurlann.com\/#organization\",\"name\":\"Scea de Kervache\",\"url\":\"https:\/\/harasdaurlann.com\/\",\"logo\":{\"@type\":\"ImageObject\",\"inLanguage\":\"fr-FR\",\"@id\":\"https:\/\/harasdaurlann.com\/#\/schema\/logo\/image\/\",\"url\":\"https:\/\/harasdaurlann.com\/wp-content\/uploads\/2024\/03\/cropped-Capture_d_ecran_2024-03-23_a_18.24.23-removebg-preview.png\",\"contentUrl\":\"https:\/\/harasdaurlann.com\/wp-content\/uploads\/2024\/03\/cropped-Capture_d_ecran_2024-03-23_a_18.24.23-removebg-preview.png\",\"width\":493,\"height\":501,\"caption\":\"Scea de Kervache\"},\"image\":{\"@id\":\"https:\/\/harasdaurlann.com\/#\/schema\/logo\/image\/\"},\"sameAs\":[\"https:\/\/www.facebook.com\/HarasdAurlann\",\"https:\/\/www.instagram.com\/elevage_d_aurlann\/\"]}]}<\/script>\n<!-- \/ Yoast SEO plugin. -->","yoast_head_json":{"title":"POULAINS DE 1 AN -","description":"Nos poulains de 1 an : Nayati , poulain selle fran\u00e7ais par Diamant de Semilly X Plot Blue X Ahorn Z, propre fr\u00e8re de Massa\u00ef 2 ans.","robots":{"index":"index","follow":"follow","max-snippet":"max-snippet:-1","max-image-preview":"max-image-preview:large","max-video-preview":"max-video-preview:-1"},"canonical":"https:\/\/harasdaurlann.com\/index.php\/poulains-de-1-an\/","og_locale":"fr_FR","og_type":"article","og_title":"POULAINS DE 1 AN -","og_description":"Nos poulains de 1 an : Nayati , poulain selle fran\u00e7ais par Diamant de Semilly X Plot Blue X Ahorn Z, propre fr\u00e8re de Massa\u00ef 2 ans.","og_url":"https:\/\/harasdaurlann.com\/index.php\/poulains-de-1-an\/","article_publisher":"https:\/\/www.facebook.com\/HarasdAurlann","article_modified_time":"2024-03-27T15:16:04+00:00","og_image":[{"url":"https:\/\/harasdaurlann.com\/wp-content\/uploads\/2024\/03\/IMG_3190.jpg","type":"","width":"","height":""}],"twitter_card":"summary_large_image","twitter_misc":{"Dur\u00e9e de lecture estim\u00e9e":"1 minute"},"schema":{"@context":"https:\/\/schema.org","@graph":[{"@type":"WebPage","@id":"https:\/\/harasdaurlann.com\/index.php\/poulains-de-1-an\/","url":"https:\/\/harasdaurlann.com\/index.php\/poulains-de-1-an\/","name":"POULAINS DE 1 AN -","isPartOf":{"@id":"https:\/\/harasdaurlann.com\/#website"},"primaryImageOfPage":{"@id":"https:\/\/harasdaurlann.com\/index.php\/poulains-de-1-an\/#primaryimage"},"image":{"@id":"https:\/\/harasdaurlann.com\/index.php\/poulains-de-1-an\/#primaryimage"},"thumbnailUrl":"https:\/\/harasdaurlann.com\/wp-content\/uploads\/2024\/03\/IMG_3190.jpg","datePublished":"2024-03-26T15:40:34+00:00","dateModified":"2024-03-27T15:16:04+00:00","description":"Nos poulains de 1 an : Nayati , poulain selle fran\u00e7ais par Diamant de Semilly X Plot Blue X Ahorn Z, propre fr\u00e8re de Massa\u00ef 2 ans.","breadcrumb":{"@id":"https:\/\/harasdaurlann.com\/index.php\/poulains-de-1-an\/#breadcrumb"},"inLanguage":"fr-FR","potentialAction":[{"@type":"ReadAction","target":["https:\/\/harasdaurlann.com\/index.php\/poulains-de-1-an\/"]}]},{"@type":"ImageObject","inLanguage":"fr-FR","@id":"https:\/\/harasdaurlann.com\/index.php\/poulains-de-1-an\/#primaryimage","url":"https:\/\/harasdaurlann.com\/wp-content\/uploads\/2024\/03\/IMG_3190.jpg","contentUrl":"https:\/\/harasdaurlann.com\/wp-content\/uploads\/2024\/03\/IMG_3190.jpg","width":828,"height":898,"caption":"Poulains de 1 an"},{"@type":"BreadcrumbList","@id":"https:\/\/harasdaurlann.com\/index.php\/poulains-de-1-an\/#breadcrumb","itemListElement":[{"@type":"ListItem","position":1,"name":"Accueil","item":"https:\/\/harasdaurlann.com\/"},{"@type":"ListItem","position":2,"name":"POULAINS DE 1 AN"}]},{"@type":"WebSite","@id":"https:\/\/harasdaurlann.com\/#website","url":"https:\/\/harasdaurlann.com\/","name":"Haras d'Aurlann","description":"","publisher":{"@id":"https:\/\/harasdaurlann.com\/#organization"},"potentialAction":[{"@type":"SearchAction","target":{"@type":"EntryPoint","urlTemplate":"https:\/\/harasdaurlann.com\/?s={search_term_string}"},"query-input":{"@type":"PropertyValueSpecification","valueRequired":true,"valueName":"search_term_string"}}],"inLanguage":"fr-FR"},{"@type":"Organization","@id":"https:\/\/harasdaurlann.com\/#organization","name":"Scea de Kervache","url":"https:\/\/harasdaurlann.com\/","logo":{"@type":"ImageObject","inLanguage":"fr-FR","@id":"https:\/\/harasdaurlann.com\/#\/schema\/logo\/image\/","url":"https:\/\/harasdaurlann.com\/wp-content\/uploads\/2024\/03\/cropped-Capture_d_ecran_2024-03-23_a_18.24.23-removebg-preview.png","contentUrl":"https:\/\/harasdaurlann.com\/wp-content\/uploads\/2024\/03\/cropped-Capture_d_ecran_2024-03-23_a_18.24.23-removebg-preview.png","width":493,"height":501,"caption":"Scea de Kervache"},"image":{"@id":"https:\/\/harasdaurlann.com\/#\/schema\/logo\/image\/"},"sameAs":["https:\/\/www.facebook.com\/HarasdAurlann","https:\/\/www.instagram.com\/elevage_d_aurlann\/"]}]}},"_links":{"self":[{"href":"https:\/\/harasdaurlann.com\/index.php\/wp-json\/wp\/v2\/pages\/419","targetHints":{"allow":["GET"]}}],"collection":[{"href":"https:\/\/harasdaurlann.com\/index.php\/wp-json\/wp\/v2\/pages"}],"about":[{"href":"https:\/\/harasdaurlann.com\/index.php\/wp-json\/wp\/v2\/types\/page"}],"author":[{"embeddable":true,"href":"https:\/\/harasdaurlann.com\/index.php\/wp-json\/wp\/v2\/users\/1"}],"replies":[{"embeddable":true,"href":"https:\/\/harasdaurlann.com\/index.php\/wp-json\/wp\/v2\/comments?post=419"}],"version-history":[{"count":31,"href":"https:\/\/harasdaurlann.com\/index.php\/wp-json\/wp\/v2\/pages\/419\/revisions"}],"predecessor-version":[{"id":616,"href":"https:\/\/harasdaurlann.com\/index.php\/wp-json\/wp\/v2\/pages\/419\/revisions\/616"}],"wp:attachment":[{"href":"https:\/\/harasdaurlann.com\/index.php\/wp-json\/wp\/v2\/media?parent=419"}],"curies":[{"name":"wp","href":"https:\/\/api.w.org\/{rel}","templated":true}]}}