{"id":430,"date":"2024-03-26T17:25:44","date_gmt":"2024-03-26T16:25:44","guid":{"rendered":"https:\/\/harasdaurlann.com\/?page_id=430"},"modified":"2024-03-27T16:17:29","modified_gmt":"2024-03-27T15:17:29","slug":"poulains-de-2-ans","status":"publish","type":"page","link":"https:\/\/harasdaurlann.com\/index.php\/poulains-de-2-ans\/","title":{"rendered":"POULAINS DE 2 ANS"},"content":{"rendered":"\t\t<div data-elementor-type=\"wp-page\" data-elementor-id=\"430\" class=\"elementor elementor-430\">\n\t\t\t\t<div class=\"elementor-element elementor-element-a554b69 e-flex e-con-boxed e-con e-parent\" data-id=\"a554b69\" data-element_type=\"container\">\n\t\t\t\t\t<div class=\"e-con-inner\">\n\t\t<div class=\"elementor-element elementor-element-5204bd5 e-flex e-con-boxed e-con e-child\" data-id=\"5204bd5\" data-element_type=\"container\">\n\t\t\t\t\t<div class=\"e-con-inner\">\n\t\t<div class=\"elementor-element elementor-element-74f4fc5 e-con-full e-flex e-con e-child\" data-id=\"74f4fc5\" data-element_type=\"container\">\n\t\t\t\t<div class=\"elementor-element elementor-element-ce6311a elementor-align-center elementor-widget elementor-widget-button\" data-id=\"ce6311a\" data-element_type=\"widget\" data-widget_type=\"button.default\">\n\t\t\t\t<div class=\"elementor-widget-container\">\n\t\t\t\t\t\t\t\t\t<div class=\"elementor-button-wrapper\">\n\t\t\t\t\t<a class=\"elementor-button elementor-button-link elementor-size-sm\" href=\"https:\/\/harasdaurlann.com\/index.php\/poulinieres\/\">\n\t\t\t\t\t\t<span class=\"elementor-button-content-wrapper\">\n\t\t\t\t\t\t\t\t\t<span class=\"elementor-button-text\">POULINI\u00c8RES<\/span>\n\t\t\t\t\t<\/span>\n\t\t\t\t\t<\/a>\n\t\t\t\t<\/div>\n\t\t\t\t\t\t\t\t<\/div>\n\t\t\t\t<\/div>\n\t\t\t\t<\/div>\n\t\t<div class=\"elementor-element elementor-element-4649704 e-con-full e-flex e-con e-child\" data-id=\"4649704\" data-element_type=\"container\">\n\t\t\t\t<div class=\"elementor-element elementor-element-512c975 elementor-widget elementor-widget-button\" data-id=\"512c975\" data-element_type=\"widget\" data-widget_type=\"button.default\">\n\t\t\t\t<div class=\"elementor-widget-container\">\n\t\t\t\t\t\t\t\t\t<div class=\"elementor-button-wrapper\">\n\t\t\t\t\t<a class=\"elementor-button elementor-button-link elementor-size-sm\" href=\"https:\/\/harasdaurlann.com\/index.php\/poulains-nes-cette-annee\/\">\n\t\t\t\t\t\t<span class=\"elementor-button-content-wrapper\">\n\t\t\t\t\t\t\t\t\t<span class=\"elementor-button-text\">POULAINS DE  2024<\/span>\n\t\t\t\t\t<\/span>\n\t\t\t\t\t<\/a>\n\t\t\t\t<\/div>\n\t\t\t\t\t\t\t\t<\/div>\n\t\t\t\t<\/div>\n\t\t\t\t<\/div>\n\t\t<div class=\"elementor-element elementor-element-6af03b8 e-con-full e-flex e-con e-child\" data-id=\"6af03b8\" data-element_type=\"container\">\n\t\t\t\t<div class=\"elementor-element elementor-element-e9d26f8 elementor-widget elementor-widget-button\" data-id=\"e9d26f8\" data-element_type=\"widget\" data-widget_type=\"button.default\">\n\t\t\t\t<div class=\"elementor-widget-container\">\n\t\t\t\t\t\t\t\t\t<div class=\"elementor-button-wrapper\">\n\t\t\t\t\t<a class=\"elementor-button elementor-button-link elementor-size-sm\" href=\"https:\/\/harasdaurlann.com\/index.php\/poulains-de-1-an\/\">\n\t\t\t\t\t\t<span class=\"elementor-button-content-wrapper\">\n\t\t\t\t\t\t\t\t\t<span class=\"elementor-button-text\">POULAINS DE 1 AN<\/span>\n\t\t\t\t\t<\/span>\n\t\t\t\t\t<\/a>\n\t\t\t\t<\/div>\n\t\t\t\t\t\t\t\t<\/div>\n\t\t\t\t<\/div>\n\t\t\t\t<\/div>\n\t\t<div class=\"elementor-element elementor-element-477f1d1 e-con-full e-flex e-con e-child\" data-id=\"477f1d1\" data-element_type=\"container\">\n\t\t\t\t<div class=\"elementor-element elementor-element-27be17e elementor-widget elementor-widget-button\" data-id=\"27be17e\" data-element_type=\"widget\" data-widget_type=\"button.default\">\n\t\t\t\t<div class=\"elementor-widget-container\">\n\t\t\t\t\t\t\t\t\t<div class=\"elementor-button-wrapper\">\n\t\t\t\t\t<a class=\"elementor-button elementor-button-link elementor-size-sm\" href=\"https:\/\/harasdaurlann.com\/index.php\/poulains-de-2-ans\/\">\n\t\t\t\t\t\t<span class=\"elementor-button-content-wrapper\">\n\t\t\t\t\t\t\t\t\t<span class=\"elementor-button-text\">POULAINS DE 2 ANS<\/span>\n\t\t\t\t\t<\/span>\n\t\t\t\t\t<\/a>\n\t\t\t\t<\/div>\n\t\t\t\t\t\t\t\t<\/div>\n\t\t\t\t<\/div>\n\t\t\t\t<\/div>\n\t\t<div class=\"elementor-element elementor-element-8e50185 e-con-full e-flex e-con e-child\" data-id=\"8e50185\" data-element_type=\"container\">\n\t\t\t\t<div class=\"elementor-element elementor-element-52df81b elementor-widget elementor-widget-button\" data-id=\"52df81b\" data-element_type=\"widget\" data-widget_type=\"button.default\">\n\t\t\t\t<div class=\"elementor-widget-container\">\n\t\t\t\t\t\t\t\t\t<div class=\"elementor-button-wrapper\">\n\t\t\t\t\t<a class=\"elementor-button elementor-button-link elementor-size-sm\" href=\"https:\/\/harasdaurlann.com\/index.php\/poulains-de-3-ans\/\">\n\t\t\t\t\t\t<span class=\"elementor-button-content-wrapper\">\n\t\t\t\t\t\t\t\t\t<span class=\"elementor-button-text\">POULAINS DE 3 ANS<\/span>\n\t\t\t\t\t<\/span>\n\t\t\t\t\t<\/a>\n\t\t\t\t<\/div>\n\t\t\t\t\t\t\t\t<\/div>\n\t\t\t\t<\/div>\n\t\t\t\t<\/div>\n\t\t\t\t\t<\/div>\n\t\t\t\t<\/div>\n\t\t\t\t\t<\/div>\n\t\t\t\t<\/div>\n\t\t<div class=\"elementor-element elementor-element-c67b3a8 e-flex e-con-boxed e-con e-parent\" data-id=\"c67b3a8\" data-element_type=\"container\">\n\t\t\t\t\t<div class=\"e-con-inner\">\n\t\t\t\t<div class=\"elementor-element elementor-element-7a86e7e elementor-widget elementor-widget-heading\" data-id=\"7a86e7e\" data-element_type=\"widget\" data-widget_type=\"heading.default\">\n\t\t\t\t<div class=\"elementor-widget-container\">\n\t\t\t\t\t<h2 class=\"elementor-heading-title elementor-size-default\">POULAINS DE 2 ANS<\/h2>\t\t\t\t<\/div>\n\t\t\t\t<\/div>\n\t\t\t\t<div class=\"elementor-element elementor-element-2278548 elementor-widget-divider--view-line elementor-widget elementor-widget-divider\" data-id=\"2278548\" data-element_type=\"widget\" data-widget_type=\"divider.default\">\n\t\t\t\t<div class=\"elementor-widget-container\">\n\t\t\t\t\t\t\t<div class=\"elementor-divider\">\n\t\t\t<span class=\"elementor-divider-separator\">\n\t\t\t\t\t\t<\/span>\n\t\t<\/div>\n\t\t\t\t\t\t<\/div>\n\t\t\t\t<\/div>\n\t\t\t\t\t<\/div>\n\t\t\t\t<\/div>\n\t\t<div class=\"elementor-element elementor-element-bbfa570 e-flex e-con-boxed e-con e-parent\" data-id=\"bbfa570\" data-element_type=\"container\">\n\t\t\t\t\t<div class=\"e-con-inner\">\n\t\t\t\t<div class=\"elementor-element elementor-element-c9f7ccb elementor-widget elementor-widget-heading\" data-id=\"c9f7ccb\" data-element_type=\"widget\" data-widget_type=\"heading.default\">\n\t\t\t\t<div class=\"elementor-widget-container\">\n\t\t\t\t\t<h2 class=\"elementor-heading-title elementor-size-default\">Massa\u00ef d'Aurlann<\/h2>\t\t\t\t<\/div>\n\t\t\t\t<\/div>\n\t\t\t\t\t<\/div>\n\t\t\t\t<\/div>\n\t\t<div class=\"elementor-element elementor-element-8c2bc91 e-flex e-con-boxed e-con e-parent\" data-id=\"8c2bc91\" data-element_type=\"container\">\n\t\t\t\t\t<div class=\"e-con-inner\">\n\t\t<div class=\"elementor-element elementor-element-0093884 e-con-full e-flex e-con e-child\" data-id=\"0093884\" data-element_type=\"container\">\n\t\t\t\t<div class=\"elementor-element elementor-element-0bf54f8 elementor-arrows-position-inside elementor-pagination-position-outside elementor-widget elementor-widget-image-carousel\" data-id=\"0bf54f8\" data-element_type=\"widget\" data-settings=\"{&quot;slides_to_show&quot;:&quot;1&quot;,&quot;navigation&quot;:&quot;both&quot;,&quot;autoplay&quot;:&quot;yes&quot;,&quot;pause_on_hover&quot;:&quot;yes&quot;,&quot;pause_on_interaction&quot;:&quot;yes&quot;,&quot;autoplay_speed&quot;:5000,&quot;infinite&quot;:&quot;yes&quot;,&quot;effect&quot;:&quot;slide&quot;,&quot;speed&quot;:500}\" data-widget_type=\"image-carousel.default\">\n\t\t\t\t<div class=\"elementor-widget-container\">\n\t\t\t\t\t\t\t<div class=\"elementor-image-carousel-wrapper swiper\" role=\"region\" aria-roledescription=\"carousel\" aria-label=\"Carrousel d\u2019images\" dir=\"ltr\">\n\t\t\t<div class=\"elementor-image-carousel swiper-wrapper\" aria-live=\"off\">\n\t\t\t\t\t\t\t\t<div class=\"swiper-slide\" role=\"group\" aria-roledescription=\"slide\" aria-label=\"1 sur 7\"><figure class=\"swiper-slide-inner\"><img decoding=\"async\" class=\"swiper-slide-image\" src=\"https:\/\/harasdaurlann.com\/wp-content\/uploads\/2024\/03\/IMG_9902-scaled.jpg\" alt=\"Poulains de 2 ans\" \/><\/figure><\/div><div class=\"swiper-slide\" role=\"group\" aria-roledescription=\"slide\" aria-label=\"2 sur 7\"><figure class=\"swiper-slide-inner\"><img decoding=\"async\" class=\"swiper-slide-image\" src=\"https:\/\/harasdaurlann.com\/wp-content\/uploads\/2024\/03\/IMG_9901-scaled.jpg\" alt=\"IMG_9901\" \/><\/figure><\/div><div class=\"swiper-slide\" role=\"group\" aria-roledescription=\"slide\" aria-label=\"3 sur 7\"><figure class=\"swiper-slide-inner\"><img decoding=\"async\" class=\"swiper-slide-image\" src=\"https:\/\/harasdaurlann.com\/wp-content\/uploads\/2024\/03\/IMG_9385-2-scaled.jpg\" alt=\"Poulains de 2 ans\" \/><\/figure><\/div><div class=\"swiper-slide\" role=\"group\" aria-roledescription=\"slide\" aria-label=\"4 sur 7\"><figure class=\"swiper-slide-inner\"><img decoding=\"async\" class=\"swiper-slide-image\" src=\"https:\/\/harasdaurlann.com\/wp-content\/uploads\/2024\/03\/E535A745-FD77-45C2-8A19-F378E12E19F6-2.jpg\" alt=\"Poulains de 2 ans\" \/><\/figure><\/div><div class=\"swiper-slide\" role=\"group\" aria-roledescription=\"slide\" aria-label=\"5 sur 7\"><figure class=\"swiper-slide-inner\"><img decoding=\"async\" class=\"swiper-slide-image\" src=\"https:\/\/harasdaurlann.com\/wp-content\/uploads\/2024\/03\/Capture-decran-2024-03-25-a-21.33.23.png\" alt=\"Massa\u00ef\" \/><\/figure><\/div><div class=\"swiper-slide\" role=\"group\" aria-roledescription=\"slide\" aria-label=\"6 sur 7\"><figure class=\"swiper-slide-inner\"><img decoding=\"async\" class=\"swiper-slide-image\" src=\"https:\/\/harasdaurlann.com\/wp-content\/uploads\/2024\/03\/IMG_9143-scaled.jpg\" alt=\"Prestations\" \/><\/figure><\/div><div class=\"swiper-slide\" role=\"group\" aria-roledescription=\"slide\" aria-label=\"7 sur 7\"><figure class=\"swiper-slide-inner\"><img decoding=\"async\" class=\"swiper-slide-image\" src=\"https:\/\/harasdaurlann.com\/wp-content\/uploads\/2024\/03\/IMG_8872-scaled.jpg\" alt=\"Poulains de 2 ans\" \/><\/figure><\/div>\t\t\t<\/div>\n\t\t\t\t\t\t\t\t\t\t\t\t<div class=\"elementor-swiper-button elementor-swiper-button-prev\" role=\"button\" tabindex=\"0\">\n\t\t\t\t\t\t<svg aria-hidden=\"true\" class=\"e-font-icon-svg e-eicon-chevron-left\" viewBox=\"0 0 1000 1000\" xmlns=\"http:\/\/www.w3.org\/2000\/svg\"><path d=\"M646 125C629 125 613 133 604 142L308 442C296 454 292 471 292 487 292 504 296 521 308 533L604 854C617 867 629 875 646 875 663 875 679 871 692 858 704 846 713 829 713 812 713 796 708 779 692 767L438 487 692 225C700 217 708 204 708 187 708 171 704 154 692 142 675 129 663 125 646 125Z\"><\/path><\/svg>\t\t\t\t\t<\/div>\n\t\t\t\t\t<div class=\"elementor-swiper-button elementor-swiper-button-next\" role=\"button\" tabindex=\"0\">\n\t\t\t\t\t\t<svg aria-hidden=\"true\" class=\"e-font-icon-svg e-eicon-chevron-right\" viewBox=\"0 0 1000 1000\" xmlns=\"http:\/\/www.w3.org\/2000\/svg\"><path d=\"M696 533C708 521 713 504 713 487 713 471 708 454 696 446L400 146C388 133 375 125 354 125 338 125 325 129 313 142 300 154 292 171 292 187 292 204 296 221 308 233L563 492 304 771C292 783 288 800 288 817 288 833 296 850 308 863 321 871 338 875 354 875 371 875 388 867 400 854L696 533Z\"><\/path><\/svg>\t\t\t\t\t<\/div>\n\t\t\t\t\n\t\t\t\t\t\t\t\t\t<div class=\"swiper-pagination\"><\/div>\n\t\t\t\t\t\t\t\t\t<\/div>\n\t\t\t\t\t\t<\/div>\n\t\t\t\t<\/div>\n\t\t\t\t<\/div>\n\t\t\t\t<div class=\"elementor-element elementor-element-9a5b905 elementor-widget elementor-widget-text-editor\" data-id=\"9a5b905\" data-element_type=\"widget\" data-widget_type=\"text-editor.default\">\n\t\t\t\t<div class=\"elementor-widget-container\">\n\t\t\t\t\t\t\t\t\t<p class=\"Style24\" align=\"justify\"><strong>SEXE\u00a0 : <\/strong>Femelle<strong><br \/><\/strong><\/p><p class=\"Style24\" align=\"justify\"><strong>NAISSANCE :<\/strong> 09\/03\/2022<strong><br \/><\/strong><\/p><p class=\"Style24\" align=\"justify\"><strong>ROBE : <\/strong>bai brune<\/p><p class=\"Style24\" align=\"justify\"><strong>PEDIGREE<\/strong> <a href=\"https:\/\/semilly.eu\/diamant-de-semilly\/\">Diamant de Semilly<\/a>\u00a0 x <a href=\"https:\/\/www.horsetelex.fr\/horses\/pedigree\/19310\/plot-blue\">Plot Blue<\/a> x Ahorn Z<\/p><p class=\"Style24\" align=\"justify\"><strong>INFOS : <\/strong>Sa m\u00e8re, <strong><a class=\"horse-link\" href=\"https:\/\/www.horsetelex.fr\/horses\/pedigree\/1755998\/city-blue-du-vernay\">CITY BLUE DU VERNAY<\/a><\/strong>, Finaliste SF \u00e0 3 ans , est la soeur de <strong><a class=\"horse-link\" href=\"https:\/\/www.horsetelex.fr\/horses\/pedigree\/1571319\/vigo-boy-du-vernay\">VIGO BOY DU VERNAY<\/a>, <\/strong>approuv\u00e9 \u00e9talon (1,45m), d&rsquo;\u00a0<strong><a class=\"horse-link\" href=\"https:\/\/www.horsetelex.fr\/horses\/pedigree\/1756005\/eureka-du-vernay\">EUREKA DU VERNAY<\/a><\/strong> (1,50m) et de <a class=\"horse-link\" href=\"https:\/\/www.horsetelex.fr\/horses\/pedigree\/1756000\/fibelle-du-vernay\"><strong>FIBELLE DU VERNAY<\/strong><\/a>\u00a0 (1,35m) . Sa grand-m\u00e8re, <strong><a class=\"horse-link\" href=\"https:\/\/www.horsetelex.fr\/horses\/pedigree\/100537\/olivia-van-de-helle\">OLIVIA VAN DE HELLE<\/a><\/strong>\u00a0,\u00a0a perform\u00e9 jusqu\u2019en <strong>1,35m<\/strong> .<\/p><p align=\"justify\">Son propre fr\u00e8re <a href=\"https:\/\/harasdaurlann.com\/index.php\/poulains-de-1-an\/\">Nayati<\/a> est n\u00e9 le 29\/03\/2023<\/p><p align=\"justify\">Massa\u00ef reste \u00e0 l&rsquo;\u00e9levage<\/p>\t\t\t\t\t\t\t\t<\/div>\n\t\t\t\t<\/div>\n\t\t\t\t\t<\/div>\n\t\t\t\t<\/div>\n\t\t<div class=\"elementor-element elementor-element-cb9eff6 e-flex e-con-boxed e-con e-parent\" data-id=\"cb9eff6\" data-element_type=\"container\">\n\t\t\t\t\t<div class=\"e-con-inner\">\n\t\t\t\t<div class=\"elementor-element elementor-element-4501ae3 elementor-widget elementor-widget-text-editor\" data-id=\"4501ae3\" data-element_type=\"widget\" data-widget_type=\"text-editor.default\">\n\t\t\t\t<div class=\"elementor-widget-container\">\n\t\t\t\t\t\t\t\t\t<p>Lorem ipsum dolor sit amet, consectetur adipiscing elit. Ut elit tellus, luctus nec ullamcorper mattis, pulvinar dapibus leo.<\/p>\t\t\t\t\t\t\t\t<\/div>\n\t\t\t\t<\/div>\n\t\t\t\t\t<\/div>\n\t\t\t\t<\/div>\n\t\t\t\t<\/div>\n\t\t","protected":false},"excerpt":{"rendered":"<p>POULINI\u00c8RES POULAINS DE 2024 POULAINS DE 1 AN POULAINS DE 2 ANS POULAINS DE 3 ANS POULAINS DE 2 ANS Massa\u00ef d&rsquo;Aurlann SEXE\u00a0 : Femelle NAISSANCE : 09\/03\/2022 ROBE : bai brune PEDIGREE Diamant de Semilly\u00a0 x Plot Blue x Ahorn Z INFOS : Sa m\u00e8re, CITY BLUE DU VERNAY, Finaliste SF \u00e0 3 ans [&hellip;]<\/p>\n","protected":false},"author":1,"featured_media":0,"parent":0,"menu_order":0,"comment_status":"closed","ping_status":"closed","template":"","meta":{"footnotes":""},"class_list":["post-430","page","type-page","status-publish","hentry","entry"],"yoast_head":"<!-- This site is optimized with the Yoast SEO plugin v25.7 - https:\/\/yoast.com\/wordpress\/plugins\/seo\/ -->\n<title>POULAINS DE 2 ANS -<\/title>\n<meta name=\"description\" content=\"Retrouvez nos poulains de 2 ans : Massa\u00ef , pouliche par Diamant de Semilly X Plot Blue. Son propre fr\u00e8re est n\u00e9 en 2023\" \/>\n<meta name=\"robots\" content=\"index, follow, max-snippet:-1, max-image-preview:large, max-video-preview:-1\" \/>\n<link rel=\"canonical\" href=\"https:\/\/harasdaurlann.com\/index.php\/poulains-de-2-ans\/\" \/>\n<meta property=\"og:locale\" content=\"fr_FR\" \/>\n<meta property=\"og:type\" content=\"article\" \/>\n<meta property=\"og:title\" content=\"POULAINS DE 2 ANS -\" \/>\n<meta property=\"og:description\" content=\"Retrouvez nos poulains de 2 ans : Massa\u00ef , pouliche par Diamant de Semilly X Plot Blue. Son propre fr\u00e8re est n\u00e9 en 2023\" \/>\n<meta property=\"og:url\" content=\"https:\/\/harasdaurlann.com\/index.php\/poulains-de-2-ans\/\" \/>\n<meta property=\"article:publisher\" content=\"https:\/\/www.facebook.com\/HarasdAurlann\" \/>\n<meta property=\"article:modified_time\" content=\"2024-03-27T15:17:29+00:00\" \/>\n<meta property=\"og:image\" content=\"https:\/\/harasdaurlann.com\/wp-content\/uploads\/2024\/03\/IMG_9902-scaled.jpg\" \/>\n<meta name=\"twitter:card\" content=\"summary_large_image\" \/>\n<meta name=\"twitter:label1\" content=\"Dur\u00e9e de lecture estim\u00e9e\" \/>\n\t<meta name=\"twitter:data1\" content=\"2 minutes\" \/>\n<script type=\"application\/ld+json\" class=\"yoast-schema-graph\">{\"@context\":\"https:\/\/schema.org\",\"@graph\":[{\"@type\":\"WebPage\",\"@id\":\"https:\/\/harasdaurlann.com\/index.php\/poulains-de-2-ans\/\",\"url\":\"https:\/\/harasdaurlann.com\/index.php\/poulains-de-2-ans\/\",\"name\":\"POULAINS DE 2 ANS -\",\"isPartOf\":{\"@id\":\"https:\/\/harasdaurlann.com\/#website\"},\"primaryImageOfPage\":{\"@id\":\"https:\/\/harasdaurlann.com\/index.php\/poulains-de-2-ans\/#primaryimage\"},\"image\":{\"@id\":\"https:\/\/harasdaurlann.com\/index.php\/poulains-de-2-ans\/#primaryimage\"},\"thumbnailUrl\":\"https:\/\/harasdaurlann.com\/wp-content\/uploads\/2024\/03\/IMG_9902-scaled.jpg\",\"datePublished\":\"2024-03-26T16:25:44+00:00\",\"dateModified\":\"2024-03-27T15:17:29+00:00\",\"description\":\"Retrouvez nos poulains de 2 ans : Massa\u00ef , pouliche par Diamant de Semilly X Plot Blue. Son propre fr\u00e8re est n\u00e9 en 2023\",\"breadcrumb\":{\"@id\":\"https:\/\/harasdaurlann.com\/index.php\/poulains-de-2-ans\/#breadcrumb\"},\"inLanguage\":\"fr-FR\",\"potentialAction\":[{\"@type\":\"ReadAction\",\"target\":[\"https:\/\/harasdaurlann.com\/index.php\/poulains-de-2-ans\/\"]}]},{\"@type\":\"ImageObject\",\"inLanguage\":\"fr-FR\",\"@id\":\"https:\/\/harasdaurlann.com\/index.php\/poulains-de-2-ans\/#primaryimage\",\"url\":\"https:\/\/harasdaurlann.com\/wp-content\/uploads\/2024\/03\/IMG_9902-scaled.jpg\",\"contentUrl\":\"https:\/\/harasdaurlann.com\/wp-content\/uploads\/2024\/03\/IMG_9902-scaled.jpg\",\"width\":1440,\"height\":2560,\"caption\":\"Poulains de 2 ans\"},{\"@type\":\"BreadcrumbList\",\"@id\":\"https:\/\/harasdaurlann.com\/index.php\/poulains-de-2-ans\/#breadcrumb\",\"itemListElement\":[{\"@type\":\"ListItem\",\"position\":1,\"name\":\"Accueil\",\"item\":\"https:\/\/harasdaurlann.com\/\"},{\"@type\":\"ListItem\",\"position\":2,\"name\":\"POULAINS DE 2 ANS\"}]},{\"@type\":\"WebSite\",\"@id\":\"https:\/\/harasdaurlann.com\/#website\",\"url\":\"https:\/\/harasdaurlann.com\/\",\"name\":\"Haras d'Aurlann\",\"description\":\"\",\"publisher\":{\"@id\":\"https:\/\/harasdaurlann.com\/#organization\"},\"potentialAction\":[{\"@type\":\"SearchAction\",\"target\":{\"@type\":\"EntryPoint\",\"urlTemplate\":\"https:\/\/harasdaurlann.com\/?s={search_term_string}\"},\"query-input\":{\"@type\":\"PropertyValueSpecification\",\"valueRequired\":true,\"valueName\":\"search_term_string\"}}],\"inLanguage\":\"fr-FR\"},{\"@type\":\"Organization\",\"@id\":\"https:\/\/harasdaurlann.com\/#organization\",\"name\":\"Scea de Kervache\",\"url\":\"https:\/\/harasdaurlann.com\/\",\"logo\":{\"@type\":\"ImageObject\",\"inLanguage\":\"fr-FR\",\"@id\":\"https:\/\/harasdaurlann.com\/#\/schema\/logo\/image\/\",\"url\":\"https:\/\/harasdaurlann.com\/wp-content\/uploads\/2024\/03\/cropped-Capture_d_ecran_2024-03-23_a_18.24.23-removebg-preview.png\",\"contentUrl\":\"https:\/\/harasdaurlann.com\/wp-content\/uploads\/2024\/03\/cropped-Capture_d_ecran_2024-03-23_a_18.24.23-removebg-preview.png\",\"width\":493,\"height\":501,\"caption\":\"Scea de Kervache\"},\"image\":{\"@id\":\"https:\/\/harasdaurlann.com\/#\/schema\/logo\/image\/\"},\"sameAs\":[\"https:\/\/www.facebook.com\/HarasdAurlann\",\"https:\/\/www.instagram.com\/elevage_d_aurlann\/\"]}]}<\/script>\n<!-- \/ Yoast SEO plugin. -->","yoast_head_json":{"title":"POULAINS DE 2 ANS -","description":"Retrouvez nos poulains de 2 ans : Massa\u00ef , pouliche par Diamant de Semilly X Plot Blue. Son propre fr\u00e8re est n\u00e9 en 2023","robots":{"index":"index","follow":"follow","max-snippet":"max-snippet:-1","max-image-preview":"max-image-preview:large","max-video-preview":"max-video-preview:-1"},"canonical":"https:\/\/harasdaurlann.com\/index.php\/poulains-de-2-ans\/","og_locale":"fr_FR","og_type":"article","og_title":"POULAINS DE 2 ANS -","og_description":"Retrouvez nos poulains de 2 ans : Massa\u00ef , pouliche par Diamant de Semilly X Plot Blue. Son propre fr\u00e8re est n\u00e9 en 2023","og_url":"https:\/\/harasdaurlann.com\/index.php\/poulains-de-2-ans\/","article_publisher":"https:\/\/www.facebook.com\/HarasdAurlann","article_modified_time":"2024-03-27T15:17:29+00:00","og_image":[{"url":"https:\/\/harasdaurlann.com\/wp-content\/uploads\/2024\/03\/IMG_9902-scaled.jpg","type":"","width":"","height":""}],"twitter_card":"summary_large_image","twitter_misc":{"Dur\u00e9e de lecture estim\u00e9e":"2 minutes"},"schema":{"@context":"https:\/\/schema.org","@graph":[{"@type":"WebPage","@id":"https:\/\/harasdaurlann.com\/index.php\/poulains-de-2-ans\/","url":"https:\/\/harasdaurlann.com\/index.php\/poulains-de-2-ans\/","name":"POULAINS DE 2 ANS -","isPartOf":{"@id":"https:\/\/harasdaurlann.com\/#website"},"primaryImageOfPage":{"@id":"https:\/\/harasdaurlann.com\/index.php\/poulains-de-2-ans\/#primaryimage"},"image":{"@id":"https:\/\/harasdaurlann.com\/index.php\/poulains-de-2-ans\/#primaryimage"},"thumbnailUrl":"https:\/\/harasdaurlann.com\/wp-content\/uploads\/2024\/03\/IMG_9902-scaled.jpg","datePublished":"2024-03-26T16:25:44+00:00","dateModified":"2024-03-27T15:17:29+00:00","description":"Retrouvez nos poulains de 2 ans : Massa\u00ef , pouliche par Diamant de Semilly X Plot Blue. Son propre fr\u00e8re est n\u00e9 en 2023","breadcrumb":{"@id":"https:\/\/harasdaurlann.com\/index.php\/poulains-de-2-ans\/#breadcrumb"},"inLanguage":"fr-FR","potentialAction":[{"@type":"ReadAction","target":["https:\/\/harasdaurlann.com\/index.php\/poulains-de-2-ans\/"]}]},{"@type":"ImageObject","inLanguage":"fr-FR","@id":"https:\/\/harasdaurlann.com\/index.php\/poulains-de-2-ans\/#primaryimage","url":"https:\/\/harasdaurlann.com\/wp-content\/uploads\/2024\/03\/IMG_9902-scaled.jpg","contentUrl":"https:\/\/harasdaurlann.com\/wp-content\/uploads\/2024\/03\/IMG_9902-scaled.jpg","width":1440,"height":2560,"caption":"Poulains de 2 ans"},{"@type":"BreadcrumbList","@id":"https:\/\/harasdaurlann.com\/index.php\/poulains-de-2-ans\/#breadcrumb","itemListElement":[{"@type":"ListItem","position":1,"name":"Accueil","item":"https:\/\/harasdaurlann.com\/"},{"@type":"ListItem","position":2,"name":"POULAINS DE 2 ANS"}]},{"@type":"WebSite","@id":"https:\/\/harasdaurlann.com\/#website","url":"https:\/\/harasdaurlann.com\/","name":"Haras d'Aurlann","description":"","publisher":{"@id":"https:\/\/harasdaurlann.com\/#organization"},"potentialAction":[{"@type":"SearchAction","target":{"@type":"EntryPoint","urlTemplate":"https:\/\/harasdaurlann.com\/?s={search_term_string}"},"query-input":{"@type":"PropertyValueSpecification","valueRequired":true,"valueName":"search_term_string"}}],"inLanguage":"fr-FR"},{"@type":"Organization","@id":"https:\/\/harasdaurlann.com\/#organization","name":"Scea de Kervache","url":"https:\/\/harasdaurlann.com\/","logo":{"@type":"ImageObject","inLanguage":"fr-FR","@id":"https:\/\/harasdaurlann.com\/#\/schema\/logo\/image\/","url":"https:\/\/harasdaurlann.com\/wp-content\/uploads\/2024\/03\/cropped-Capture_d_ecran_2024-03-23_a_18.24.23-removebg-preview.png","contentUrl":"https:\/\/harasdaurlann.com\/wp-content\/uploads\/2024\/03\/cropped-Capture_d_ecran_2024-03-23_a_18.24.23-removebg-preview.png","width":493,"height":501,"caption":"Scea de Kervache"},"image":{"@id":"https:\/\/harasdaurlann.com\/#\/schema\/logo\/image\/"},"sameAs":["https:\/\/www.facebook.com\/HarasdAurlann","https:\/\/www.instagram.com\/elevage_d_aurlann\/"]}]}},"_links":{"self":[{"href":"https:\/\/harasdaurlann.com\/index.php\/wp-json\/wp\/v2\/pages\/430","targetHints":{"allow":["GET"]}}],"collection":[{"href":"https:\/\/harasdaurlann.com\/index.php\/wp-json\/wp\/v2\/pages"}],"about":[{"href":"https:\/\/harasdaurlann.com\/index.php\/wp-json\/wp\/v2\/types\/page"}],"author":[{"embeddable":true,"href":"https:\/\/harasdaurlann.com\/index.php\/wp-json\/wp\/v2\/users\/1"}],"replies":[{"embeddable":true,"href":"https:\/\/harasdaurlann.com\/index.php\/wp-json\/wp\/v2\/comments?post=430"}],"version-history":[{"count":7,"href":"https:\/\/harasdaurlann.com\/index.php\/wp-json\/wp\/v2\/pages\/430\/revisions"}],"predecessor-version":[{"id":619,"href":"https:\/\/harasdaurlann.com\/index.php\/wp-json\/wp\/v2\/pages\/430\/revisions\/619"}],"wp:attachment":[{"href":"https:\/\/harasdaurlann.com\/index.php\/wp-json\/wp\/v2\/media?parent=430"}],"curies":[{"name":"wp","href":"https:\/\/api.w.org\/{rel}","templated":true}]}}